{"id":1130,"date":"2019-08-29T10:08:47","date_gmt":"2019-08-29T10:08:47","guid":{"rendered":"https:\/\/spine-med.de\/mentions-legales\/"},"modified":"2025-12-03T13:14:57","modified_gmt":"2025-12-03T13:14:57","slug":"mentions-legales","status":"publish","type":"page","link":"https:\/\/spine-med.de\/fr\/mentions-legales\/","title":{"rendered":"Mentions l\u00e9gales"},"content":{"rendered":"<div class=\"fusion-fullwidth fullwidth-box fusion-builder-row-1 nonhundred-percent-fullwidth non-hundred-percent-height-scrolling\" style=\"--awb-border-radius-top-left:0px;--awb-border-radius-top-right:0px;--awb-border-radius-bottom-right:0px;--awb-border-radius-bottom-left:0px;--awb-padding-top:32px;--awb-padding-bottom:32px;--awb-flex-wrap:wrap;\" ><div class=\"fusion-builder-row fusion-row\"><div class=\"fusion-layout-column fusion_builder_column fusion-builder-column-0 fusion_builder_column_1_1 1_1 fusion-one-full fusion-column-first fusion-column-last\" style=\"--awb-bg-blend:overlay;--awb-bg-size:cover;\"><div class=\"fusion-column-wrapper fusion-column-has-shadow fusion-flex-column-wrapper-legacy\"><div class=\"fusion-title title fusion-title-1 fusion-title-text fusion-title-size-one\" style=\"--awb-margin-top-small:0px;--awb-margin-right-small:0px;--awb-margin-bottom-small:20px;--awb-margin-left-small:0px;\"><h1 class=\"fusion-title-heading title-heading-left\" style=\"margin:0;\">Mentions l\u00e9gales<\/h1><span class=\"awb-title-spacer\"><\/span><div class=\"title-sep-container\"><div class=\"title-sep sep-single sep-solid\" style=\"border-color:#e0dede;\"><\/div><\/div><\/div><div class=\"fusion-text fusion-text-1\" style=\"--awb-text-transform:none;\"><h2 class=\"fusion-responsive-typography-calculated\" style=\"--fontsize: 33; margin: 1.5em 0 0;\" data-fontsize=\"33\" data-lineheight=\"49.5px\">Informations conform\u00e9ment au \u00a7 5 TMG (loi allemande sur les t\u00e9l\u00e9m\u00e9dias)<\/h2>\n<p>SpineMED\u00ae Innovative Medizintechnik GmbH<br \/>\nWilhelm-Wagenfeld-Stra\u00dfe 4<br \/>\n80807 Munich<\/p>\n<p>Registre du commerce : HRB 173961<br \/>\nTribunal d&rsquo;enregistrement : Munich<\/p>\n<p><strong>Repr\u00e9sent\u00e9 par :<\/strong><br \/>\nG\u00fcnther Grasse, Christoph Glammert<\/p>\n<h2 class=\"fusion-responsive-typography-calculated\" style=\"--fontsize: 33; margin: 1.5em 0 0;\" data-fontsize=\"33\" data-lineheight=\"49.5px\">CGV<\/h2>\n<p><a href=\"https:\/\/spine-med.de\/wp-content\/uploads\/2023\/10\/SpineMED_AGB_v1.1.pdf\" target=\"_blank\" rel=\"noopener\">Lien de t\u00e9l\u00e9chargement<\/a><\/p>\n<h2 class=\"fusion-responsive-typography-calculated\" style=\"--fontsize: 33; margin: 1.5em 0 0;\" data-fontsize=\"33\" data-lineheight=\"49.5px\">Contact<\/h2>\n<p>T\u00e9l\u00e9phone : 089.890 63 65 12<br \/>\nT\u00e9l\u00e9copie : 089.890 63 65 13<br \/>\nE-mail : c.glammert@spine-med.de<\/p>\n<h2 class=\"fusion-responsive-typography-calculated\" style=\"--fontsize: 33; margin: 1.5em 0 0;\" data-fontsize=\"33\" data-lineheight=\"49.5px\">Num\u00e9ro de TVA<\/h2>\n<p>Num\u00e9ro d&rsquo;identification TVA conform\u00e9ment au \u00a7 27 a de la loi allemande sur la taxe sur le chiffre d&rsquo;affaires :<br \/>\nDE260523972<\/p>\n<h2 class=\"fusion-responsive-typography-calculated\" style=\"--fontsize: 33; margin: 1.5em 0 0;\" data-fontsize=\"33\" data-lineheight=\"49.5px\">R\u00e8glement des litiges en UE<\/h2>\n<p>La Commission europ\u00e9enne met \u00e0 disposition une plateforme de r\u00e8glement en ligne des litiges (RLL) : <a href=\"https:\/\/ec.europa.eu\/consumers\/odr\" target=\"_blank\" rel=\"noopener noreferrer\">https:\/\/ec.europa.eu\/consumers\/odr<\/a>.<br \/>\nVous trouverez notre adresse e-mail en haut des mentions l\u00e9gales.<\/p>\n<h2 class=\"fusion-responsive-typography-calculated\" style=\"--fontsize: 33; margin: 1.5em 0 0;\" data-fontsize=\"33\" data-lineheight=\"49.5px\">R\u00e8glement des litiges de consommation\/Instance de conciliation universelle<\/h2>\n<p>Nous ne sommes ni dispos\u00e9s ni oblig\u00e9s de participer \u00e0 une proc\u00e9dure de r\u00e8glement des litiges devant un organisme de conciliation des consommateurs.<\/p>\n<h3 class=\"fusion-responsive-typography-calculated\" style=\"--fontsize: 29; margin: 1.5em 0 0;\" data-fontsize=\"29\" data-lineheight=\"43.5px\">Responsabilit\u00e9 pour les contenus<\/h3>\n<p>En tant que prestataire de services, nous sommes responsables de nos propres contenus sur ces pages conform\u00e9ment au \u00a7 7 alin\u00e9a 1 TMG et aux lois g\u00e9n\u00e9rales. Conform\u00e9ment aux \u00a7\u00a7 8 \u00e0 10 TMG, nous ne sommes toutefois pas tenus, en tant que prestataire de services, de surveiller les informations externes transmises ou enregistr\u00e9es, ni de rechercher les circonstances qui indiquent une activit\u00e9 ill\u00e9gale.  <\/p>\n<p>Les obligations de suppression ou de blocage de l&rsquo;utilisation des informations conform\u00e9ment aux lois g\u00e9n\u00e9rales n&rsquo;en sont pas affect\u00e9es. Toutefois, la responsabilit\u00e9 \u00e0 cet \u00e9gard n&rsquo;est possible qu&rsquo;\u00e0 partir du moment o\u00f9 l&rsquo;on a connaissance d&rsquo;une violation concr\u00e8te de la loi. D\u00e8s que nous aurons connaissance de telles violations de la loi, nous supprimerons imm\u00e9diatement ces contenus.  <\/p>\n<h3 class=\"fusion-responsive-typography-calculated\" style=\"--fontsize: 29; margin: 1.5em 0 0;\" data-fontsize=\"29\" data-lineheight=\"43.5px\">Responsabilit\u00e9 pour les liens<\/h3>\n<p>Notre offre contient des liens vers des sites web externes de tiers sur le contenu desquels nous n&rsquo;avons aucune influence. Par cons\u00e9quent, nous ne pouvons assumer aucune responsabilit\u00e9 pour ces contenus externes. Le fournisseur ou l&rsquo;exploitant respectif des pages est toujours responsable du contenu des pages li\u00e9es. Les pages li\u00e9es ont \u00e9t\u00e9 contr\u00f4l\u00e9es au moment de la cr\u00e9ation du lien afin de d\u00e9tecter d&rsquo;\u00e9ventuelles violations de la loi. Les contenus ill\u00e9gaux n&rsquo;\u00e9taient pas reconnaissables au moment de la cr\u00e9ation du lien.    <\/p>\n<p>Toutefois, un contr\u00f4le permanent du contenu des pages li\u00e9es n&rsquo;est pas raisonnable sans indication concr\u00e8te d&rsquo;une violation de la loi. D\u00e8s que nous aurons connaissance de violations de la loi, nous supprimerons imm\u00e9diatement ces liens. <\/p>\n<h3 class=\"fusion-responsive-typography-calculated\" style=\"--fontsize: 29; margin: 1.5em 0 0;\" data-fontsize=\"29\" data-lineheight=\"43.5px\">Droit d&rsquo;auteur<\/h3>\n<p>Les contenus et \u0153uvres cr\u00e9\u00e9s par les exploitants du site sur ces pages sont soumis au droit d&rsquo;auteur allemand. La reproduction, le traitement, la distribution et toute forme d&rsquo;exploitation en dehors des limites du droit d&rsquo;auteur n\u00e9cessitent l&rsquo;accord \u00e9crit de l&rsquo;auteur ou du cr\u00e9ateur respectif. Les t\u00e9l\u00e9chargements et copies de cette page ne sont autoris\u00e9s que pour un usage priv\u00e9 et non commercial.  <\/p>\n<p>Dans la mesure o\u00f9 les contenus de ce site n&rsquo;ont pas \u00e9t\u00e9 cr\u00e9\u00e9s par l&rsquo;exploitant, les droits d&rsquo;auteur de tiers sont respect\u00e9s. En particulier, les contenus de tiers sont identifi\u00e9s comme tels. Si vous remarquez n\u00e9anmoins une violation du droit d&rsquo;auteur, nous vous demandons de nous en informer. D\u00e8s que nous aurons connaissance de violations de la loi, nous supprimerons imm\u00e9diatement ces contenus.   <\/p>\n<\/div><div class=\"fusion-clearfix\"><\/div><\/div><\/div><\/div><\/div>\n","protected":false},"excerpt":{"rendered":"","protected":false},"author":1,"featured_media":0,"parent":0,"menu_order":0,"comment_status":"closed","ping_status":"closed","template":"","meta":{"footnotes":""},"class_list":["post-1130","page","type-page","status-publish","hentry"],"yoast_head":"<!-- This site is optimized with the Yoast SEO plugin v27.4 - https:\/\/yoast.com\/product\/yoast-seo-wordpress\/ -->\n<title>Mentions l\u00e9gales - SpineMED\u00ae<\/title>\n<meta name=\"robots\" content=\"index, follow, max-snippet:-1, max-image-preview:large, max-video-preview:-1\" \/>\n<link rel=\"canonical\" href=\"https:\/\/spine-med.de\/fr\/mentions-legales\/\" \/>\n<meta property=\"og:locale\" content=\"fr_FR\" \/>\n<meta property=\"og:type\" content=\"article\" \/>\n<meta property=\"og:title\" content=\"Mentions l\u00e9gales - SpineMED\u00ae\" \/>\n<meta property=\"og:url\" content=\"https:\/\/spine-med.de\/fr\/mentions-legales\/\" \/>\n<meta property=\"og:site_name\" content=\"SpineMED\u00ae\" \/>\n<meta property=\"article:modified_time\" content=\"2025-12-03T13:14:57+00:00\" \/>\n<meta name=\"twitter:card\" content=\"summary_large_image\" \/>\n<meta name=\"twitter:label1\" content=\"Dur\u00e9e de lecture estim\u00e9e\" \/>\n\t<meta name=\"twitter:data1\" content=\"4 minutes\" \/>\n<script type=\"application\/ld+json\" class=\"yoast-schema-graph\">{\"@context\":\"https:\\\/\\\/schema.org\",\"@graph\":[{\"@type\":\"WebPage\",\"@id\":\"https:\\\/\\\/spine-med.de\\\/fr\\\/mentions-legales\\\/\",\"url\":\"https:\\\/\\\/spine-med.de\\\/fr\\\/mentions-legales\\\/\",\"name\":\"Mentions l\u00e9gales - SpineMED\u00ae\",\"isPartOf\":{\"@id\":\"https:\\\/\\\/spine-med.de\\\/fr\\\/#website\"},\"datePublished\":\"2019-08-29T10:08:47+00:00\",\"dateModified\":\"2025-12-03T13:14:57+00:00\",\"breadcrumb\":{\"@id\":\"https:\\\/\\\/spine-med.de\\\/fr\\\/mentions-legales\\\/#breadcrumb\"},\"inLanguage\":\"fr-FR\",\"potentialAction\":[{\"@type\":\"ReadAction\",\"target\":[\"https:\\\/\\\/spine-med.de\\\/fr\\\/mentions-legales\\\/\"]}]},{\"@type\":\"BreadcrumbList\",\"@id\":\"https:\\\/\\\/spine-med.de\\\/fr\\\/mentions-legales\\\/#breadcrumb\",\"itemListElement\":[{\"@type\":\"ListItem\",\"position\":1,\"name\":\"Startseite\",\"item\":\"https:\\\/\\\/spine-med.de\\\/fr\\\/accueil\\\/\"},{\"@type\":\"ListItem\",\"position\":2,\"name\":\"Mentions l\u00e9gales\"}]},{\"@type\":\"WebSite\",\"@id\":\"https:\\\/\\\/spine-med.de\\\/fr\\\/#website\",\"url\":\"https:\\\/\\\/spine-med.de\\\/fr\\\/\",\"name\":\"SpineMED\u00ae\",\"description\":\"decompression system\",\"potentialAction\":[{\"@type\":\"SearchAction\",\"target\":{\"@type\":\"EntryPoint\",\"urlTemplate\":\"https:\\\/\\\/spine-med.de\\\/fr\\\/?s={search_term_string}\"},\"query-input\":{\"@type\":\"PropertyValueSpecification\",\"valueRequired\":true,\"valueName\":\"search_term_string\"}}],\"inLanguage\":\"fr-FR\"}]}<\/script>\n<!-- \/ Yoast SEO plugin. -->","yoast_head_json":{"title":"Mentions l\u00e9gales - SpineMED\u00ae","robots":{"index":"index","follow":"follow","max-snippet":"max-snippet:-1","max-image-preview":"max-image-preview:large","max-video-preview":"max-video-preview:-1"},"canonical":"https:\/\/spine-med.de\/fr\/mentions-legales\/","og_locale":"fr_FR","og_type":"article","og_title":"Mentions l\u00e9gales - SpineMED\u00ae","og_url":"https:\/\/spine-med.de\/fr\/mentions-legales\/","og_site_name":"SpineMED\u00ae","article_modified_time":"2025-12-03T13:14:57+00:00","twitter_card":"summary_large_image","twitter_misc":{"Dur\u00e9e de lecture estim\u00e9e":"4 minutes"},"schema":{"@context":"https:\/\/schema.org","@graph":[{"@type":"WebPage","@id":"https:\/\/spine-med.de\/fr\/mentions-legales\/","url":"https:\/\/spine-med.de\/fr\/mentions-legales\/","name":"Mentions l\u00e9gales - SpineMED\u00ae","isPartOf":{"@id":"https:\/\/spine-med.de\/fr\/#website"},"datePublished":"2019-08-29T10:08:47+00:00","dateModified":"2025-12-03T13:14:57+00:00","breadcrumb":{"@id":"https:\/\/spine-med.de\/fr\/mentions-legales\/#breadcrumb"},"inLanguage":"fr-FR","potentialAction":[{"@type":"ReadAction","target":["https:\/\/spine-med.de\/fr\/mentions-legales\/"]}]},{"@type":"BreadcrumbList","@id":"https:\/\/spine-med.de\/fr\/mentions-legales\/#breadcrumb","itemListElement":[{"@type":"ListItem","position":1,"name":"Startseite","item":"https:\/\/spine-med.de\/fr\/accueil\/"},{"@type":"ListItem","position":2,"name":"Mentions l\u00e9gales"}]},{"@type":"WebSite","@id":"https:\/\/spine-med.de\/fr\/#website","url":"https:\/\/spine-med.de\/fr\/","name":"SpineMED\u00ae","description":"decompression system","potentialAction":[{"@type":"SearchAction","target":{"@type":"EntryPoint","urlTemplate":"https:\/\/spine-med.de\/fr\/?s={search_term_string}"},"query-input":{"@type":"PropertyValueSpecification","valueRequired":true,"valueName":"search_term_string"}}],"inLanguage":"fr-FR"}]}},"_links":{"self":[{"href":"https:\/\/spine-med.de\/fr\/wp-json\/wp\/v2\/pages\/1130","targetHints":{"allow":["GET"]}}],"collection":[{"href":"https:\/\/spine-med.de\/fr\/wp-json\/wp\/v2\/pages"}],"about":[{"href":"https:\/\/spine-med.de\/fr\/wp-json\/wp\/v2\/types\/page"}],"author":[{"embeddable":true,"href":"https:\/\/spine-med.de\/fr\/wp-json\/wp\/v2\/users\/1"}],"replies":[{"embeddable":true,"href":"https:\/\/spine-med.de\/fr\/wp-json\/wp\/v2\/comments?post=1130"}],"version-history":[{"count":5,"href":"https:\/\/spine-med.de\/fr\/wp-json\/wp\/v2\/pages\/1130\/revisions"}],"predecessor-version":[{"id":1179,"href":"https:\/\/spine-med.de\/fr\/wp-json\/wp\/v2\/pages\/1130\/revisions\/1179"}],"wp:attachment":[{"href":"https:\/\/spine-med.de\/fr\/wp-json\/wp\/v2\/media?parent=1130"}],"curies":[{"name":"wp","href":"https:\/\/api.w.org\/{rel}","templated":true}]}}