{"id":1129,"date":"2019-06-24T08:56:38","date_gmt":"2019-06-24T08:56:38","guid":{"rendered":"https:\/\/spine-med.de\/domaines-dapplication\/"},"modified":"2025-12-03T13:14:43","modified_gmt":"2025-12-03T13:14:43","slug":"domaines-dapplication","status":"publish","type":"page","link":"https:\/\/spine-med.de\/fr\/domaines-dapplication\/","title":{"rendered":"Domaines d&rsquo;application"},"content":{"rendered":"<p><div class=\"fusion-fullwidth fullwidth-box fusion-builder-row-1 nonhundred-percent-fullwidth non-hundred-percent-height-scrolling\" style=\"--awb-border-radius-top-left:0px;--awb-border-radius-top-right:0px;--awb-border-radius-bottom-right:0px;--awb-border-radius-bottom-left:0px;--awb-margin-top:50px;--awb-flex-wrap:wrap;\" ><div class=\"fusion-builder-row fusion-row\"><div class=\"fusion-layout-column fusion_builder_column fusion-builder-column-0 fusion_builder_column_1_1 1_1 fusion-one-full fusion-column-first fusion-column-last\" style=\"--awb-bg-size:cover;\"><div class=\"fusion-column-wrapper fusion-column-has-shadow fusion-flex-column-wrapper-legacy\"><div class=\"fusion-title title fusion-title-1 fusion-sep-none fusion-title-center fusion-title-text fusion-title-size-two\" style=\"--awb-margin-top-small:0px;--awb-margin-right-small:0px;--awb-margin-bottom-small:20px;--awb-margin-left-small:0px;\"><h2 class=\"fusion-title-heading title-heading-center\" style=\"margin:0;\"><p style=\"text-align: center\"><span style=\"color: #036aab\">SpineMED\u00ae<\/span> OFFRE UN TR\u00c8S LARGE<br \/>\nCHAMP D&rsquo;APPLICATION<\/p><\/h2><\/div><div class=\"fusion-sep-clear\"><\/div><div class=\"fusion-separator\" style=\"margin-left: auto;margin-right: auto;margin-top:15px;margin-bottom:25px;width:100%;max-width:50px;\"><div class=\"fusion-separator-border sep-single sep-dotted\" style=\"--awb-height:20px;--awb-amount:20px;border-color:#036aab;border-top-width:7px;\"><\/div><\/div><div class=\"fusion-sep-clear\"><\/div><div class=\"fusion-text fusion-text-1\"><p style=\"text-align: left\"><strong>La m\u00e9thode SpineMED\u00ae convient aux patients souffrant de protrusion\/prolapsus discal, de sciatique, de sympt\u00f4mes radiculaires et pseudo-radiculaires, de st\u00e9nose du canal rachidien (non osseuse) et de d\u00e9g\u00e9n\u00e9rescence discale.<\/strong><\/p>\n<p>SpineMED\u00ae est un syst\u00e8me con\u00e7u pour soulager (d\u00e9compresser) les disques intervert\u00e9braux endommag\u00e9s et d\u00e9g\u00e9n\u00e9ratifs d&rsquo;un segment sp\u00e9cifique de la colonne vert\u00e9brale par distraction et positionnement.<\/p>\n<p><span style=\"color: var(--body_typography-color);font-family: var(--body_typography-font-family);font-size: var(--body_typography-font-size);font-style: var(--body_typography-font-style,normal);letter-spacing: var(--body_typography-letter-spacing)\">Les alt\u00e9rations pathologiques des disques intervert\u00e9braux sont l&rsquo;une des causes les plus fr\u00e9quentes de douleurs dans la r\u00e9gion cervicale et\/ou lombaire. Une forte sollicitation, souvent unilat\u00e9rale, de la colonne vert\u00e9brale, associ\u00e9e \u00e0 un manque d&rsquo;exercice, \u00e0 une mauvaise posture et \u00e0 un surpoids, entra\u00eene une d\u00e9g\u00e9n\u00e9rescence du disque intervert\u00e9bral. Il en r\u00e9sulte une d\u00e9shydratation du disque et, par cons\u00e9quent, une r\u00e9duction de l&rsquo;espace intervert\u00e9bral. Ceci favorise \u00e0 son tour les syndromes des articulations facettaires, les st\u00e9noses (en particulier du foramen lat\u00e9ral) et les protrusions\/prolapsus discaux, car l&rsquo;augmentation de la pression intradiscale provoque des l\u00e9sions et des fissures dans la r\u00e9gion de l&rsquo;annulus. Les hernies discales peuvent \u00e0 leur tour entra\u00eener des radiculopathies avec des d\u00e9ficits sensoriels et moteurs.    <\/span><\/p>\n<\/div><div class=\"fusion-image-element fusion-image-align-center in-legacy-container\" style=\"text-align:center;--awb-caption-title-font-family:var(--h2_typography-font-family);--awb-caption-title-font-weight:var(--h2_typography-font-weight);--awb-caption-title-font-style:var(--h2_typography-font-style);--awb-caption-title-size:var(--h2_typography-font-size);--awb-caption-title-transform:var(--h2_typography-text-transform);--awb-caption-title-line-height:var(--h2_typography-line-height);--awb-caption-title-letter-spacing:var(--h2_typography-letter-spacing);\"><div class=\"imageframe-align-center\"><span class=\" fusion-imageframe imageframe-none imageframe-1 hover-type-none\"><img decoding=\"async\" width=\"1024\" height=\"683\" title=\"Table Ultra \u2013 Bleue \u2013 Sans patient\" src=\"https:\/\/spine-med.de\/wp-content\/uploads\/2019\/06\/Ultra-Table-Blue-No-Patient-1024x683.jpg\" alt class=\"img-responsive wp-image-1050\" srcset=\"https:\/\/spine-med.de\/wp-content\/uploads\/2019\/06\/Ultra-Table-Blue-No-Patient-200x133.jpg 200w, https:\/\/spine-med.de\/wp-content\/uploads\/2019\/06\/Ultra-Table-Blue-No-Patient-400x267.jpg 400w, https:\/\/spine-med.de\/wp-content\/uploads\/2019\/06\/Ultra-Table-Blue-No-Patient-600x400.jpg 600w, https:\/\/spine-med.de\/wp-content\/uploads\/2019\/06\/Ultra-Table-Blue-No-Patient-800x533.jpg 800w, https:\/\/spine-med.de\/wp-content\/uploads\/2019\/06\/Ultra-Table-Blue-No-Patient-1200x800.jpg 1200w\" sizes=\"(max-width: 800px) 100vw, 1200px\" \/><\/span><\/div><\/div><div class=\"fusion-button-wrapper fusion-aligncenter\"><a class=\"fusion-button button-3d fusion-button-default-size button-default fusion-button-default button-1 fusion-button-default-span fusion-button-default-type\" target=\"_self\" href=\"https:\/\/spine-med.de\/fr\/domaines-dapplication\/disque-intervertebral\/\"><span class=\"fusion-button-text awb-button__text awb-button__text--default\">Disque intervert\u00e9bral<\/span><\/a><\/div><div class=\"fusion-clearfix\"><\/div><\/div><\/div><\/div><\/div><div id=\"contact\" class=\"fusion-container-anchor\"><div class=\"fusion-fullwidth fullwidth-box fusion-builder-row-2 nonhundred-percent-fullwidth non-hundred-percent-height-scrolling\" style=\"--awb-border-radius-top-left:0px;--awb-border-radius-top-right:0px;--awb-border-radius-bottom-right:0px;--awb-border-radius-bottom-left:0px;--awb-padding-top:50px;--awb-padding-right:16px;--awb-padding-bottom:50px;--awb-padding-left:16px;--awb-margin-top:50px;--awb-background-color:#f9f9f9;--awb-flex-wrap:wrap;\" ><div class=\"fusion-builder-row fusion-row\"><div class=\"fusion-layout-column fusion_builder_column fusion-builder-column-1 fusion_builder_column_1_1 1_1 fusion-one-full fusion-column-first fusion-column-last\" style=\"--awb-padding-right:50px;--awb-padding-left:50px;--awb-bg-size:cover;\"><div class=\"fusion-column-wrapper fusion-column-has-shadow fusion-flex-column-wrapper-legacy\"><div class=\"fusion-title title fusion-title-2 fusion-sep-none fusion-title-center fusion-title-text fusion-title-size-two\" style=\"--awb-text-color:#036aab;--awb-margin-top-small:0px;--awb-margin-right-small:0px;--awb-margin-bottom-small:20px;--awb-margin-left-small:0px;\"><h2 class=\"fusion-title-heading title-heading-center\" style=\"margin:0;\"><p style=\"text-align: center\">CONTACTEZ-NOUS !<\/p><\/h2><\/div><div class=\"fusion-sep-clear\"><\/div><div class=\"fusion-separator\" style=\"margin-left: auto;margin-right: auto;margin-top:15px;margin-bottom:25px;width:100%;max-width:50px;\"><div class=\"fusion-separator-border sep-single sep-dotted\" style=\"--awb-height:20px;--awb-amount:20px;border-color:#036aab;border-top-width:7px;\"><\/div><\/div><div class=\"fusion-sep-clear\"><\/div><div class=\"fusion-text fusion-text-2\"><p> hbspt.forms.create();<\/p>\n<\/div><div class=\"fusion-clearfix\"><\/div><\/div><\/div><\/div><\/div><\/div><\/p>\n","protected":false},"excerpt":{"rendered":"","protected":false},"author":2,"featured_media":0,"parent":0,"menu_order":0,"comment_status":"closed","ping_status":"closed","template":"100-width.php","meta":{"footnotes":""},"class_list":["post-1129","page","type-page","status-publish","hentry"],"yoast_head":"<!-- This site is optimized with the Yoast SEO plugin v27.4 - https:\/\/yoast.com\/product\/yoast-seo-wordpress\/ -->\n<title>Domaines d&#039;application - SpineMED\u00ae<\/title>\n<meta name=\"robots\" content=\"index, follow, max-snippet:-1, max-image-preview:large, max-video-preview:-1\" \/>\n<link rel=\"canonical\" href=\"https:\/\/spine-med.de\/fr\/domaines-dapplication\/\" \/>\n<meta property=\"og:locale\" content=\"fr_FR\" \/>\n<meta property=\"og:type\" content=\"article\" \/>\n<meta property=\"og:title\" content=\"Domaines d&#039;application - SpineMED\u00ae\" \/>\n<meta property=\"og:url\" content=\"https:\/\/spine-med.de\/fr\/domaines-dapplication\/\" \/>\n<meta property=\"og:site_name\" content=\"SpineMED\u00ae\" \/>\n<meta property=\"article:modified_time\" content=\"2025-12-03T13:14:43+00:00\" \/>\n<meta name=\"twitter:card\" content=\"summary_large_image\" \/>\n<meta name=\"twitter:label1\" content=\"Dur\u00e9e de lecture estim\u00e9e\" \/>\n\t<meta name=\"twitter:data1\" content=\"7 minutes\" \/>\n<script type=\"application\/ld+json\" class=\"yoast-schema-graph\">{\"@context\":\"https:\\\/\\\/schema.org\",\"@graph\":[{\"@type\":\"WebPage\",\"@id\":\"https:\\\/\\\/spine-med.de\\\/fr\\\/domaines-dapplication\\\/\",\"url\":\"https:\\\/\\\/spine-med.de\\\/fr\\\/domaines-dapplication\\\/\",\"name\":\"Domaines d'application - SpineMED\u00ae\",\"isPartOf\":{\"@id\":\"https:\\\/\\\/spine-med.de\\\/fr\\\/#website\"},\"datePublished\":\"2019-06-24T08:56:38+00:00\",\"dateModified\":\"2025-12-03T13:14:43+00:00\",\"breadcrumb\":{\"@id\":\"https:\\\/\\\/spine-med.de\\\/fr\\\/domaines-dapplication\\\/#breadcrumb\"},\"inLanguage\":\"fr-FR\",\"potentialAction\":[{\"@type\":\"ReadAction\",\"target\":[\"https:\\\/\\\/spine-med.de\\\/fr\\\/domaines-dapplication\\\/\"]}]},{\"@type\":\"BreadcrumbList\",\"@id\":\"https:\\\/\\\/spine-med.de\\\/fr\\\/domaines-dapplication\\\/#breadcrumb\",\"itemListElement\":[{\"@type\":\"ListItem\",\"position\":1,\"name\":\"Startseite\",\"item\":\"https:\\\/\\\/spine-med.de\\\/fr\\\/accueil\\\/\"},{\"@type\":\"ListItem\",\"position\":2,\"name\":\"Domaines d&rsquo;application\"}]},{\"@type\":\"WebSite\",\"@id\":\"https:\\\/\\\/spine-med.de\\\/fr\\\/#website\",\"url\":\"https:\\\/\\\/spine-med.de\\\/fr\\\/\",\"name\":\"SpineMED\u00ae\",\"description\":\"decompression system\",\"potentialAction\":[{\"@type\":\"SearchAction\",\"target\":{\"@type\":\"EntryPoint\",\"urlTemplate\":\"https:\\\/\\\/spine-med.de\\\/fr\\\/?s={search_term_string}\"},\"query-input\":{\"@type\":\"PropertyValueSpecification\",\"valueRequired\":true,\"valueName\":\"search_term_string\"}}],\"inLanguage\":\"fr-FR\"}]}<\/script>\n<!-- \/ Yoast SEO plugin. -->","yoast_head_json":{"title":"Domaines d'application - SpineMED\u00ae","robots":{"index":"index","follow":"follow","max-snippet":"max-snippet:-1","max-image-preview":"max-image-preview:large","max-video-preview":"max-video-preview:-1"},"canonical":"https:\/\/spine-med.de\/fr\/domaines-dapplication\/","og_locale":"fr_FR","og_type":"article","og_title":"Domaines d'application - SpineMED\u00ae","og_url":"https:\/\/spine-med.de\/fr\/domaines-dapplication\/","og_site_name":"SpineMED\u00ae","article_modified_time":"2025-12-03T13:14:43+00:00","twitter_card":"summary_large_image","twitter_misc":{"Dur\u00e9e de lecture estim\u00e9e":"7 minutes"},"schema":{"@context":"https:\/\/schema.org","@graph":[{"@type":"WebPage","@id":"https:\/\/spine-med.de\/fr\/domaines-dapplication\/","url":"https:\/\/spine-med.de\/fr\/domaines-dapplication\/","name":"Domaines d'application - SpineMED\u00ae","isPartOf":{"@id":"https:\/\/spine-med.de\/fr\/#website"},"datePublished":"2019-06-24T08:56:38+00:00","dateModified":"2025-12-03T13:14:43+00:00","breadcrumb":{"@id":"https:\/\/spine-med.de\/fr\/domaines-dapplication\/#breadcrumb"},"inLanguage":"fr-FR","potentialAction":[{"@type":"ReadAction","target":["https:\/\/spine-med.de\/fr\/domaines-dapplication\/"]}]},{"@type":"BreadcrumbList","@id":"https:\/\/spine-med.de\/fr\/domaines-dapplication\/#breadcrumb","itemListElement":[{"@type":"ListItem","position":1,"name":"Startseite","item":"https:\/\/spine-med.de\/fr\/accueil\/"},{"@type":"ListItem","position":2,"name":"Domaines d&rsquo;application"}]},{"@type":"WebSite","@id":"https:\/\/spine-med.de\/fr\/#website","url":"https:\/\/spine-med.de\/fr\/","name":"SpineMED\u00ae","description":"decompression system","potentialAction":[{"@type":"SearchAction","target":{"@type":"EntryPoint","urlTemplate":"https:\/\/spine-med.de\/fr\/?s={search_term_string}"},"query-input":{"@type":"PropertyValueSpecification","valueRequired":true,"valueName":"search_term_string"}}],"inLanguage":"fr-FR"}]}},"_links":{"self":[{"href":"https:\/\/spine-med.de\/fr\/wp-json\/wp\/v2\/pages\/1129","targetHints":{"allow":["GET"]}}],"collection":[{"href":"https:\/\/spine-med.de\/fr\/wp-json\/wp\/v2\/pages"}],"about":[{"href":"https:\/\/spine-med.de\/fr\/wp-json\/wp\/v2\/types\/page"}],"author":[{"embeddable":true,"href":"https:\/\/spine-med.de\/fr\/wp-json\/wp\/v2\/users\/2"}],"replies":[{"embeddable":true,"href":"https:\/\/spine-med.de\/fr\/wp-json\/wp\/v2\/comments?post=1129"}],"version-history":[{"count":5,"href":"https:\/\/spine-med.de\/fr\/wp-json\/wp\/v2\/pages\/1129\/revisions"}],"predecessor-version":[{"id":1148,"href":"https:\/\/spine-med.de\/fr\/wp-json\/wp\/v2\/pages\/1129\/revisions\/1148"}],"wp:attachment":[{"href":"https:\/\/spine-med.de\/fr\/wp-json\/wp\/v2\/media?parent=1129"}],"curies":[{"name":"wp","href":"https:\/\/api.w.org\/{rel}","templated":true}]}}