{"id":1123,"date":"2019-06-24T09:04:37","date_gmt":"2019-06-24T09:04:37","guid":{"rendered":"https:\/\/spine-med.de\/disque-intervertebral\/"},"modified":"2025-12-03T13:14:42","modified_gmt":"2025-12-03T13:14:42","slug":"disque-intervertebral","status":"publish","type":"page","link":"https:\/\/spine-med.de\/fr\/domaines-dapplication\/disque-intervertebral\/","title":{"rendered":"Disque intervert\u00e9bral"},"content":{"rendered":"<p><div class=\"fusion-fullwidth fullwidth-box fusion-builder-row-1 nonhundred-percent-fullwidth non-hundred-percent-height-scrolling\" style=\"--awb-border-radius-top-left:0px;--awb-border-radius-top-right:0px;--awb-border-radius-bottom-right:0px;--awb-border-radius-bottom-left:0px;--awb-margin-top:50px;--awb-flex-wrap:wrap;\" ><div class=\"fusion-builder-row fusion-row\"><div class=\"fusion-layout-column fusion_builder_column fusion-builder-column-0 fusion_builder_column_1_1 1_1 fusion-one-full fusion-column-first fusion-column-last\" style=\"--awb-bg-size:cover;\"><div class=\"fusion-column-wrapper fusion-column-has-shadow fusion-flex-column-wrapper-legacy\"><div class=\"fusion-title title fusion-title-1 fusion-sep-none fusion-title-center fusion-title-text fusion-title-size-two\" style=\"--awb-margin-top-small:0px;--awb-margin-right-small:0px;--awb-margin-bottom-small:20px;--awb-margin-left-small:0px;\"><h2 class=\"fusion-title-heading title-heading-center\" style=\"margin:0;\">DISQUE INTERVERT\u00c9BRAL<\/h2><\/div><div class=\"fusion-sep-clear\"><\/div><div class=\"fusion-separator\" style=\"margin-left: auto;margin-right: auto;margin-top:15px;margin-bottom:25px;width:100%;max-width:50px;\"><div class=\"fusion-separator-border sep-single sep-dotted\" style=\"--awb-height:20px;--awb-amount:20px;border-color:#036aab;border-top-width:7px;\"><\/div><\/div><div class=\"fusion-sep-clear\"><\/div><div class=\"fusion-text fusion-text-1\"><p>Le disque intervert\u00e9bral se situe entre chaque corps vert\u00e9bral. Il agit comme un amortisseur et absorbe la pression m\u00e9canique le long de la colonne vert\u00e9brale. La colonne vert\u00e9brale est constitu\u00e9e de 24 corps vert\u00e9braux, du rachis cervical au rachis lombaire, maintenus ensemble par des articulations, des ligaments, des muscles et des fascias.  <\/p>\n<p>Le disque intervert\u00e9bral lui-m\u00eame est constitu\u00e9 d&rsquo;un noyau g\u00e9latineux, appel\u00e9 nucleus, qui est entour\u00e9 de plusieurs couches de tissu conjonctif fibreux, appel\u00e9 annulus. Le disque intervert\u00e9bral ne poss\u00e8de pas sa propre vascularisation et l&rsquo;apport de liquide, de nutriments et d&rsquo;oxyg\u00e8ne repose sur le processus de diffusion \u00e0 partir des corps vert\u00e9braux adjacents. Ce processus d\u00e9pend en grande partie de la diff\u00e9rence de pression entre l&rsquo;int\u00e9rieur du disque intervert\u00e9bral et le corps vert\u00e9bral adjacent, respectivement ses vaisseaux sanguins d&rsquo;alimentation.  <\/p>\n<p>C&rsquo;est \u00e9galement la raison pour laquelle la r\u00e9g\u00e9n\u00e9ration des disques intervert\u00e9braux (comme l&rsquo;alimentation et l&rsquo;approvisionnement) a lieu principalement en position couch\u00e9e et au repos, c&rsquo;est-\u00e0-dire lorsque la pression sur les disques intervert\u00e9braux (pression intradiscale) est faible. En principe, ce processus de r\u00e9g\u00e9n\u00e9ration est tr\u00e8s limit\u00e9 et, avec l&rsquo;\u00e2ge, il est tr\u00e8s fr\u00e9quent que l&rsquo;usure et les signes d&rsquo;usure apparaissent, entra\u00eenant des douleurs et des troubles. <\/p>\n<p>C&rsquo;est pr\u00e9cis\u00e9ment l\u00e0 qu&rsquo;intervient la th\u00e9rapie SpineMED\u00ae. La traction et la d\u00e9charge m\u00e9caniques altern\u00e9es permettent de soulager un nerf pinc\u00e9 (d\u00e9compression). De plus, un effet d&rsquo;\u00e9ponge est simul\u00e9 au niveau du disque intervert\u00e9bral, ce qui am\u00e9liore le processus m\u00e9tabolique local et permet au disque intervert\u00e9bral de se r\u00e9tablir naturellement (m\u00e9decine r\u00e9g\u00e9n\u00e9rative).<\/p>\n<\/div><div class=\"fusion-button-wrapper fusion-aligncenter\"><a class=\"fusion-button button-3d fusion-button-default-size button-default fusion-button-default button-1 fusion-button-default-span fusion-button-default-type\" target=\"_self\" href=\"https:\/\/spine-med.de\/fr\/domaines-dapplication\/hernie-discale\/\"><span class=\"fusion-button-text awb-button__text awb-button__text--default\">Hernie discale<\/span><\/a><\/div><div class=\"fusion-clearfix\"><\/div><\/div><\/div><\/div><\/div><div id=\"contact\" class=\"fusion-container-anchor\"><div class=\"fusion-fullwidth fullwidth-box fusion-builder-row-2 nonhundred-percent-fullwidth non-hundred-percent-height-scrolling\" style=\"--awb-border-radius-top-left:0px;--awb-border-radius-top-right:0px;--awb-border-radius-bottom-right:0px;--awb-border-radius-bottom-left:0px;--awb-padding-top:50px;--awb-padding-right:16px;--awb-padding-bottom:50px;--awb-padding-left:16px;--awb-margin-top:50px;--awb-background-color:#f9f9f9;--awb-flex-wrap:wrap;\" ><div class=\"fusion-builder-row fusion-row\"><div class=\"fusion-layout-column fusion_builder_column fusion-builder-column-1 fusion_builder_column_1_1 1_1 fusion-one-full fusion-column-first fusion-column-last\" style=\"--awb-padding-right:50px;--awb-padding-left:50px;--awb-bg-size:cover;\"><div class=\"fusion-column-wrapper fusion-column-has-shadow fusion-flex-column-wrapper-legacy\"><div class=\"fusion-title title fusion-title-2 fusion-sep-none fusion-title-center fusion-title-text fusion-title-size-two\" style=\"--awb-text-color:#036aab;--awb-margin-top-small:0px;--awb-margin-right-small:0px;--awb-margin-bottom-small:20px;--awb-margin-left-small:0px;\"><h2 class=\"fusion-title-heading title-heading-center\" style=\"margin:0;\"><p style=\"text-align: center\">CONTACTEZ-NOUS !<\/p><\/h2><\/div><div class=\"fusion-sep-clear\"><\/div><div class=\"fusion-separator\" style=\"margin-left: auto;margin-right: auto;margin-top:15px;margin-bottom:25px;width:100%;max-width:50px;\"><div class=\"fusion-separator-border sep-single sep-dotted\" style=\"--awb-height:20px;--awb-amount:20px;border-color:#036aab;border-top-width:7px;\"><\/div><\/div><div class=\"fusion-sep-clear\"><\/div><div class=\"fusion-text fusion-text-2\"><p> hbspt.forms.create();<\/p>\n<\/div><div class=\"fusion-clearfix\"><\/div><\/div><\/div><\/div><\/div><\/div><\/p>\n","protected":false},"excerpt":{"rendered":"","protected":false},"author":2,"featured_media":0,"parent":1129,"menu_order":0,"comment_status":"closed","ping_status":"closed","template":"100-width.php","meta":{"footnotes":""},"class_list":["post-1123","page","type-page","status-publish","hentry"],"yoast_head":"<!-- This site is optimized with the Yoast SEO plugin v27.4 - https:\/\/yoast.com\/product\/yoast-seo-wordpress\/ -->\n<title>Disque intervert\u00e9bral - SpineMED\u00ae<\/title>\n<meta name=\"robots\" content=\"index, follow, max-snippet:-1, max-image-preview:large, max-video-preview:-1\" \/>\n<link rel=\"canonical\" href=\"https:\/\/spine-med.de\/fr\/domaines-dapplication\/disque-intervertebral\/\" \/>\n<meta property=\"og:locale\" content=\"fr_FR\" \/>\n<meta property=\"og:type\" content=\"article\" \/>\n<meta property=\"og:title\" content=\"Disque intervert\u00e9bral - SpineMED\u00ae\" \/>\n<meta property=\"og:url\" content=\"https:\/\/spine-med.de\/fr\/domaines-dapplication\/disque-intervertebral\/\" \/>\n<meta property=\"og:site_name\" content=\"SpineMED\u00ae\" \/>\n<meta property=\"article:modified_time\" content=\"2025-12-03T13:14:42+00:00\" \/>\n<meta name=\"twitter:card\" content=\"summary_large_image\" \/>\n<meta name=\"twitter:label1\" content=\"Dur\u00e9e de lecture estim\u00e9e\" \/>\n\t<meta name=\"twitter:data1\" content=\"7 minutes\" \/>\n<script type=\"application\/ld+json\" class=\"yoast-schema-graph\">{\"@context\":\"https:\\\/\\\/schema.org\",\"@graph\":[{\"@type\":\"WebPage\",\"@id\":\"https:\\\/\\\/spine-med.de\\\/fr\\\/domaines-dapplication\\\/disque-intervertebral\\\/\",\"url\":\"https:\\\/\\\/spine-med.de\\\/fr\\\/domaines-dapplication\\\/disque-intervertebral\\\/\",\"name\":\"Disque intervert\u00e9bral - SpineMED\u00ae\",\"isPartOf\":{\"@id\":\"https:\\\/\\\/spine-med.de\\\/fr\\\/#website\"},\"datePublished\":\"2019-06-24T09:04:37+00:00\",\"dateModified\":\"2025-12-03T13:14:42+00:00\",\"breadcrumb\":{\"@id\":\"https:\\\/\\\/spine-med.de\\\/fr\\\/domaines-dapplication\\\/disque-intervertebral\\\/#breadcrumb\"},\"inLanguage\":\"fr-FR\",\"potentialAction\":[{\"@type\":\"ReadAction\",\"target\":[\"https:\\\/\\\/spine-med.de\\\/fr\\\/domaines-dapplication\\\/disque-intervertebral\\\/\"]}]},{\"@type\":\"BreadcrumbList\",\"@id\":\"https:\\\/\\\/spine-med.de\\\/fr\\\/domaines-dapplication\\\/disque-intervertebral\\\/#breadcrumb\",\"itemListElement\":[{\"@type\":\"ListItem\",\"position\":1,\"name\":\"Startseite\",\"item\":\"https:\\\/\\\/spine-med.de\\\/fr\\\/accueil\\\/\"},{\"@type\":\"ListItem\",\"position\":2,\"name\":\"Domaines d&rsquo;application\",\"item\":\"https:\\\/\\\/spine-med.de\\\/fr\\\/domaines-dapplication\\\/\"},{\"@type\":\"ListItem\",\"position\":3,\"name\":\"Disque intervert\u00e9bral\"}]},{\"@type\":\"WebSite\",\"@id\":\"https:\\\/\\\/spine-med.de\\\/fr\\\/#website\",\"url\":\"https:\\\/\\\/spine-med.de\\\/fr\\\/\",\"name\":\"SpineMED\u00ae\",\"description\":\"decompression system\",\"potentialAction\":[{\"@type\":\"SearchAction\",\"target\":{\"@type\":\"EntryPoint\",\"urlTemplate\":\"https:\\\/\\\/spine-med.de\\\/fr\\\/?s={search_term_string}\"},\"query-input\":{\"@type\":\"PropertyValueSpecification\",\"valueRequired\":true,\"valueName\":\"search_term_string\"}}],\"inLanguage\":\"fr-FR\"}]}<\/script>\n<!-- \/ Yoast SEO plugin. -->","yoast_head_json":{"title":"Disque intervert\u00e9bral - SpineMED\u00ae","robots":{"index":"index","follow":"follow","max-snippet":"max-snippet:-1","max-image-preview":"max-image-preview:large","max-video-preview":"max-video-preview:-1"},"canonical":"https:\/\/spine-med.de\/fr\/domaines-dapplication\/disque-intervertebral\/","og_locale":"fr_FR","og_type":"article","og_title":"Disque intervert\u00e9bral - SpineMED\u00ae","og_url":"https:\/\/spine-med.de\/fr\/domaines-dapplication\/disque-intervertebral\/","og_site_name":"SpineMED\u00ae","article_modified_time":"2025-12-03T13:14:42+00:00","twitter_card":"summary_large_image","twitter_misc":{"Dur\u00e9e de lecture estim\u00e9e":"7 minutes"},"schema":{"@context":"https:\/\/schema.org","@graph":[{"@type":"WebPage","@id":"https:\/\/spine-med.de\/fr\/domaines-dapplication\/disque-intervertebral\/","url":"https:\/\/spine-med.de\/fr\/domaines-dapplication\/disque-intervertebral\/","name":"Disque intervert\u00e9bral - SpineMED\u00ae","isPartOf":{"@id":"https:\/\/spine-med.de\/fr\/#website"},"datePublished":"2019-06-24T09:04:37+00:00","dateModified":"2025-12-03T13:14:42+00:00","breadcrumb":{"@id":"https:\/\/spine-med.de\/fr\/domaines-dapplication\/disque-intervertebral\/#breadcrumb"},"inLanguage":"fr-FR","potentialAction":[{"@type":"ReadAction","target":["https:\/\/spine-med.de\/fr\/domaines-dapplication\/disque-intervertebral\/"]}]},{"@type":"BreadcrumbList","@id":"https:\/\/spine-med.de\/fr\/domaines-dapplication\/disque-intervertebral\/#breadcrumb","itemListElement":[{"@type":"ListItem","position":1,"name":"Startseite","item":"https:\/\/spine-med.de\/fr\/accueil\/"},{"@type":"ListItem","position":2,"name":"Domaines d&rsquo;application","item":"https:\/\/spine-med.de\/fr\/domaines-dapplication\/"},{"@type":"ListItem","position":3,"name":"Disque intervert\u00e9bral"}]},{"@type":"WebSite","@id":"https:\/\/spine-med.de\/fr\/#website","url":"https:\/\/spine-med.de\/fr\/","name":"SpineMED\u00ae","description":"decompression system","potentialAction":[{"@type":"SearchAction","target":{"@type":"EntryPoint","urlTemplate":"https:\/\/spine-med.de\/fr\/?s={search_term_string}"},"query-input":{"@type":"PropertyValueSpecification","valueRequired":true,"valueName":"search_term_string"}}],"inLanguage":"fr-FR"}]}},"_links":{"self":[{"href":"https:\/\/spine-med.de\/fr\/wp-json\/wp\/v2\/pages\/1123","targetHints":{"allow":["GET"]}}],"collection":[{"href":"https:\/\/spine-med.de\/fr\/wp-json\/wp\/v2\/pages"}],"about":[{"href":"https:\/\/spine-med.de\/fr\/wp-json\/wp\/v2\/types\/page"}],"author":[{"embeddable":true,"href":"https:\/\/spine-med.de\/fr\/wp-json\/wp\/v2\/users\/2"}],"replies":[{"embeddable":true,"href":"https:\/\/spine-med.de\/fr\/wp-json\/wp\/v2\/comments?post=1123"}],"version-history":[{"count":3,"href":"https:\/\/spine-med.de\/fr\/wp-json\/wp\/v2\/pages\/1123\/revisions"}],"predecessor-version":[{"id":1137,"href":"https:\/\/spine-med.de\/fr\/wp-json\/wp\/v2\/pages\/1123\/revisions\/1137"}],"up":[{"embeddable":true,"href":"https:\/\/spine-med.de\/fr\/wp-json\/wp\/v2\/pages\/1129"}],"wp:attachment":[{"href":"https:\/\/spine-med.de\/fr\/wp-json\/wp\/v2\/media?parent=1123"}],"curies":[{"name":"wp","href":"https:\/\/api.w.org\/{rel}","templated":true}]}}