{"id":1115,"date":"2019-06-24T08:30:18","date_gmt":"2019-06-24T08:30:18","guid":{"rendered":"https:\/\/spine-med.de\/a-propos-de-nous\/"},"modified":"2025-12-03T13:14:25","modified_gmt":"2025-12-03T13:14:25","slug":"a-propos-de-nous","status":"publish","type":"page","link":"https:\/\/spine-med.de\/fr\/a-propos-de-nous\/","title":{"rendered":"\u00c0 propos de nous"},"content":{"rendered":"<p><div id=\"entreprise\" class=\"fusion-container-anchor\"><div class=\"fusion-fullwidth fullwidth-box fusion-builder-row-1 nonhundred-percent-fullwidth non-hundred-percent-height-scrolling\" style=\"--awb-border-radius-top-left:0px;--awb-border-radius-top-right:0px;--awb-border-radius-bottom-right:0px;--awb-border-radius-bottom-left:0px;--awb-margin-top:60px;--awb-flex-wrap:wrap;\" ><div class=\"fusion-builder-row fusion-row\"><div class=\"fusion-layout-column fusion_builder_column fusion-builder-column-0 fusion_builder_column_1_1 1_1 fusion-one-full fusion-column-first fusion-column-last\" style=\"--awb-bg-size:cover;\"><div class=\"fusion-column-wrapper fusion-column-has-shadow fusion-flex-column-wrapper-legacy\"><div class=\"fusion-text fusion-text-1\"><p>SpineMED\u00ae Innovative Medizintechnik GmbH est le partenaire de distribution exclusif du fabricant de la table SpineMED\u00ae (SpineMED\u00ae Sales International Ltd.) dans la r\u00e9gion DACH et les pays de l&rsquo;UE limitrophes. Le partenaire de distribution national, sous la m\u00eame direction, est Pro Health Institut GmbH, \u00e9galement bas\u00e9 \u00e0 Munich. <\/p>\n<p>Nous offrons aux cliniques, aux m\u00e9decins et aux th\u00e9rapeutes un service complet autour du th\u00e8me SpineMED\u00ae, allant du conseil \u00e0 la vente, en passant par la formation et l&rsquo;installation, jusqu&rsquo;\u00e0 des packages marketing sur mesure dans le domaine du service apr\u00e8s-vente.<\/p>\n<p><img decoding=\"async\" class=\"alignnone size-medium wp-image-444\" src=\"https:\/\/spine-med.de\/wp-content\/uploads\/2019\/11\/Bild3-300x193.jpg\" alt=\"\" width=\"300\" height=\"193\" srcset=\"https:\/\/spine-med.de\/wp-content\/uploads\/2019\/11\/Bild3-200x128.jpg 200w, https:\/\/spine-med.de\/wp-content\/uploads\/2019\/11\/Bild3-300x193.jpg 300w, https:\/\/spine-med.de\/wp-content\/uploads\/2019\/11\/Bild3-400x257.jpg 400w, https:\/\/spine-med.de\/wp-content\/uploads\/2019\/11\/Bild3-460x295.jpg 460w, https:\/\/spine-med.de\/wp-content\/uploads\/2019\/11\/Bild3.jpg 561w\" sizes=\"(max-width: 300px) 100vw, 300px\" \/>                <img decoding=\"async\" class=\"alignnone size-medium wp-image-445\" src=\"https:\/\/spine-med.de\/wp-content\/uploads\/2019\/11\/Bild2-300x193.jpg\" alt=\"\" width=\"300\" height=\"193\" srcset=\"https:\/\/spine-med.de\/wp-content\/uploads\/2019\/11\/Bild2-200x128.jpg 200w, https:\/\/spine-med.de\/wp-content\/uploads\/2019\/11\/Bild2-300x193.jpg 300w, https:\/\/spine-med.de\/wp-content\/uploads\/2019\/11\/Bild2-400x257.jpg 400w, https:\/\/spine-med.de\/wp-content\/uploads\/2019\/11\/Bild2-460x295.jpg 460w, https:\/\/spine-med.de\/wp-content\/uploads\/2019\/11\/Bild2.jpg 589w\" sizes=\"(max-width: 300px) 100vw, 300px\" \/>                  <img decoding=\"async\" class=\"alignnone size-medium wp-image-446\" src=\"https:\/\/spine-med.de\/wp-content\/uploads\/2019\/11\/Bild4-300x201.jpg\" alt=\"\" width=\"300\" height=\"201\" srcset=\"https:\/\/spine-med.de\/wp-content\/uploads\/2019\/11\/Bild4-200x134.jpg 200w, https:\/\/spine-med.de\/wp-content\/uploads\/2019\/11\/Bild4-300x201.jpg 300w, https:\/\/spine-med.de\/wp-content\/uploads\/2019\/11\/Bild4-400x268.jpg 400w, https:\/\/spine-med.de\/wp-content\/uploads\/2019\/11\/Bild4-600x402.jpg 600w, https:\/\/spine-med.de\/wp-content\/uploads\/2019\/11\/Bild4-768x514.jpg 768w, https:\/\/spine-med.de\/wp-content\/uploads\/2019\/11\/Bild4-800x536.jpg 800w, https:\/\/spine-med.de\/wp-content\/uploads\/2019\/11\/Bild4.jpg 933w\" sizes=\"(max-width: 300px) 100vw, 300px\" \/><\/p>\n<\/div><div class=\"fusion-sep-clear\"><\/div><div class=\"fusion-separator fusion-full-width-sep\" style=\"margin-left: auto;margin-right: auto;margin-top:20px;width:100%;\"><\/div><div class=\"fusion-sep-clear\"><\/div><div class=\"fusion-clearfix\"><\/div><\/div><\/div><\/div><\/div><\/div><div id=\"\u00e9quipe\" class=\"fusion-container-anchor\"><div class=\"fusion-fullwidth fullwidth-box fusion-builder-row-2 nonhundred-percent-fullwidth non-hundred-percent-height-scrolling\" style=\"--awb-border-radius-top-left:0px;--awb-border-radius-top-right:0px;--awb-border-radius-bottom-right:0px;--awb-border-radius-bottom-left:0px;--awb-padding-left:0px;--awb-margin-top:40px;--awb-flex-wrap:wrap;\" ><div class=\"fusion-builder-row fusion-row\"><div class=\"fusion-layout-column fusion_builder_column fusion-builder-column-1 fusion_builder_column_1_1 1_1 fusion-one-full fusion-column-first fusion-column-last\" style=\"--awb-bg-size:cover;\"><div class=\"fusion-column-wrapper fusion-column-has-shadow fusion-flex-column-wrapper-legacy\"><div class=\"fusion-title title fusion-title-1 fusion-sep-none fusion-title-center fusion-title-text fusion-title-size-one\" style=\"--awb-margin-top-small:0px;--awb-margin-right-small:0px;--awb-margin-bottom-small:20px;--awb-margin-left-small:0px;\"><h1 class=\"fusion-title-heading title-heading-center\" style=\"margin:0;\"><p style=\"text-align: center;\">\u00c9QUIPE DE DIRECTION<\/p><\/h1><\/div><div class=\"fusion-sep-clear\"><\/div><div class=\"fusion-separator\" style=\"margin-left: auto;margin-right: auto;margin-top:15px;margin-bottom:35px;width:100%;max-width:50px;\"><div class=\"fusion-separator-border sep-single sep-dotted\" style=\"--awb-height:20px;--awb-amount:20px;border-color:#036aab;border-top-width:7px;\"><\/div><\/div><div class=\"fusion-sep-clear\"><\/div><div class=\"fusion-clearfix\"><\/div><\/div><\/div><div class=\"fusion-layout-column fusion_builder_column fusion-builder-column-2 fusion_builder_column_1_2 1_2 fusion-one-half fusion-column-first\" style=\"--awb-padding-right:50px;--awb-padding-left:50px;--awb-bg-size:cover;width:50%;width:calc(50% - ( ( 4% ) * 0.5 ) );margin-right: 4%;\"><div class=\"fusion-column-wrapper fusion-column-has-shadow fusion-flex-column-wrapper-legacy\"><div class=\"fusion-image-element fusion-image-align-left in-legacy-container\" style=\"text-align:left;--awb-caption-title-font-family:var(--h2_typography-font-family);--awb-caption-title-font-weight:var(--h2_typography-font-weight);--awb-caption-title-font-style:var(--h2_typography-font-style);--awb-caption-title-size:var(--h2_typography-font-size);--awb-caption-title-transform:var(--h2_typography-text-transform);--awb-caption-title-line-height:var(--h2_typography-line-height);--awb-caption-title-letter-spacing:var(--h2_typography-letter-spacing);\"><span class=\" fusion-imageframe imageframe-none imageframe-1 hover-type-none\" style=\"margin-right:25px;float:left;\"><img decoding=\"async\" width=\"710\" height=\"533\" title=\"Guenther_Grasse\" src=\"https:\/\/ml4wsmjzdovz.i.optimole.com\/w:auto\/h:auto\/q:auto\/https:\/\/spine-med.de\/wp-content\/uploads\/2019\/06\/Guenther_Grasse.jpg\" alt class=\"img-responsive wp-image-1118\" srcset=\"https:\/\/spine-med.de\/wp-content\/uploads\/2019\/06\/Guenther_Grasse-200x150.jpg 200w, https:\/\/spine-med.de\/wp-content\/uploads\/2019\/06\/Guenther_Grasse-400x300.jpg 400w, https:\/\/spine-med.de\/wp-content\/uploads\/2019\/06\/Guenther_Grasse-600x450.jpg 600w, https:\/\/spine-med.de\/wp-content\/uploads\/2019\/06\/Guenther_Grasse.jpg 710w\" sizes=\"(max-width: 800px) 100vw, 600px\" \/><\/span><\/div><div class=\"fusion-sep-clear\"><\/div><div class=\"fusion-separator fusion-full-width-sep\" style=\"margin-left: auto;margin-right: auto;margin-top:30px;width:100%;\"><\/div><div class=\"fusion-sep-clear\"><\/div><div class=\"fusion-text fusion-text-2\"><p style=\"text-align: left;\"><strong>Dipl. Physioth. (Univ.) &amp; Chiropr. G\u00fcnther Grasse   <\/strong><\/p>\n<p style=\"text-align: left;\">Associ\u00e9 g\u00e9rant<br \/>\nE-mail : g.grasse@spine-med.de<br \/>\nT\u00e9l. : 089 890 63 65 12<\/p>\n<\/div><div class=\"fusion-clearfix\"><\/div><\/div><\/div><div class=\"fusion-layout-column fusion_builder_column fusion-builder-column-3 fusion_builder_column_1_2 1_2 fusion-one-half fusion-column-last\" style=\"--awb-padding-right:50px;--awb-padding-left:50px;--awb-bg-size:cover;width:50%;width:calc(50% - ( ( 4% ) * 0.5 ) );\"><div class=\"fusion-column-wrapper fusion-column-has-shadow fusion-flex-column-wrapper-legacy\"><div class=\"fusion-image-element fusion-image-align-left in-legacy-container\" style=\"text-align:left;--awb-caption-title-font-family:var(--h2_typography-font-family);--awb-caption-title-font-weight:var(--h2_typography-font-weight);--awb-caption-title-font-style:var(--h2_typography-font-style);--awb-caption-title-size:var(--h2_typography-font-size);--awb-caption-title-transform:var(--h2_typography-text-transform);--awb-caption-title-line-height:var(--h2_typography-line-height);--awb-caption-title-letter-spacing:var(--h2_typography-letter-spacing);\"><span class=\" fusion-imageframe imageframe-none imageframe-2 hover-type-none\" style=\"margin-right:25px;float:left;\"><img decoding=\"async\" width=\"710\" height=\"533\" title=\"Christoph_Glammert\" src=\"https:\/\/ml4wsmjzdovz.i.optimole.com\/w:auto\/h:auto\/q:auto\/https:\/\/spine-med.de\/wp-content\/uploads\/2019\/06\/Christoph_Glammert.jpg\" alt class=\"img-responsive wp-image-1116\" srcset=\"https:\/\/spine-med.de\/wp-content\/uploads\/2019\/06\/Christoph_Glammert-200x150.jpg 200w, https:\/\/spine-med.de\/wp-content\/uploads\/2019\/06\/Christoph_Glammert-400x300.jpg 400w, https:\/\/spine-med.de\/wp-content\/uploads\/2019\/06\/Christoph_Glammert-600x450.jpg 600w, https:\/\/spine-med.de\/wp-content\/uploads\/2019\/06\/Christoph_Glammert.jpg 710w\" sizes=\"(max-width: 800px) 100vw, 600px\" \/><\/span><\/div><div class=\"fusion-sep-clear\"><\/div><div class=\"fusion-separator fusion-full-width-sep\" style=\"margin-left: auto;margin-right: auto;margin-top:30px;width:100%;\"><\/div><div class=\"fusion-sep-clear\"><\/div><div class=\"fusion-text fusion-text-3\"><p style=\"text-align: left;\"><strong>Dipl.-Kfm. Christoph Glammert<\/strong><\/p>\n<div style=\"text-align: left;\"><span style=\"background-color: rgba(255, 255, 255, 0); color: var(--body_typography-color); font-family: var(--body_typography-font-family); font-size: var(--body_typography-font-size); font-style: var(--body_typography-font-style,normal); letter-spacing: var(--body_typography-letter-spacing);\">Associ\u00e9 g\u00e9rant<\/span><\/div>\n<div style=\"text-align: left;\"><span style=\"background-color: rgba(255, 255, 255, 0); color: var(--body_typography-color); font-family: var(--body_typography-font-family); font-size: var(--body_typography-font-size); font-style: var(--body_typography-font-style,normal); letter-spacing: var(--body_typography-letter-spacing);\">E-mail : c.glammert@spine-med.de<\/span><\/div>\n<div style=\"text-align: left;\"><span style=\"background-color: rgba(255, 255, 255, 0); color: var(--body_typography-color); font-family: var(--body_typography-font-family); font-size: var(--body_typography-font-size); font-style: var(--body_typography-font-style,normal); letter-spacing: var(--body_typography-letter-spacing);\">T\u00e9l. : 089 890 63 65 12<\/span><\/div>\n<\/div><div class=\"fusion-clearfix\"><\/div><\/div><\/div><\/div><\/div><\/div><div id=\"\u00e9quipe\" class=\"fusion-container-anchor\"><div class=\"fusion-fullwidth fullwidth-box fusion-builder-row-3 nonhundred-percent-fullwidth non-hundred-percent-height-scrolling\" style=\"--awb-border-radius-top-left:0px;--awb-border-radius-top-right:0px;--awb-border-radius-bottom-right:0px;--awb-border-radius-bottom-left:0px;--awb-padding-left:0px;--awb-margin-top:40px;--awb-flex-wrap:wrap;\" ><div class=\"fusion-builder-row fusion-row\"><div class=\"fusion-layout-column fusion_builder_column fusion-builder-column-4 fusion_builder_column_1_2 1_2 fusion-one-half fusion-column-first\" style=\"--awb-padding-right:50px;--awb-padding-left:50px;--awb-bg-size:cover;width:50%;width:calc(50% - ( ( 4% ) * 0.5 ) );margin-right: 4%;\"><div class=\"fusion-column-wrapper fusion-column-has-shadow fusion-flex-column-wrapper-legacy\"><div class=\"fusion-image-element fusion-image-align-left in-legacy-container\" style=\"text-align:left;--awb-caption-title-font-family:var(--h2_typography-font-family);--awb-caption-title-font-weight:var(--h2_typography-font-weight);--awb-caption-title-font-style:var(--h2_typography-font-style);--awb-caption-title-size:var(--h2_typography-font-size);--awb-caption-title-transform:var(--h2_typography-text-transform);--awb-caption-title-line-height:var(--h2_typography-line-height);--awb-caption-title-letter-spacing:var(--h2_typography-letter-spacing);\"><span class=\" fusion-imageframe imageframe-none imageframe-3 hover-type-none\" style=\"margin-right:25px;float:left;\"><img decoding=\"async\" width=\"710\" height=\"533\" title=\"Mandy_Grossstueck\" src=\"https:\/\/ml4wsmjzdovz.i.optimole.com\/w:auto\/h:auto\/q:auto\/https:\/\/spine-med.de\/wp-content\/uploads\/2019\/06\/Mandy_Grossstueck.jpg\" alt class=\"img-responsive wp-image-1119\" srcset=\"https:\/\/spine-med.de\/wp-content\/uploads\/2019\/06\/Mandy_Grossstueck-200x150.jpg 200w, https:\/\/spine-med.de\/wp-content\/uploads\/2019\/06\/Mandy_Grossstueck-400x300.jpg 400w, https:\/\/spine-med.de\/wp-content\/uploads\/2019\/06\/Mandy_Grossstueck-600x450.jpg 600w, https:\/\/spine-med.de\/wp-content\/uploads\/2019\/06\/Mandy_Grossstueck.jpg 710w\" sizes=\"(max-width: 800px) 100vw, 600px\" \/><\/span><\/div><div class=\"fusion-sep-clear\"><\/div><div class=\"fusion-separator fusion-full-width-sep\" style=\"margin-left: auto;margin-right: auto;margin-top:30px;width:100%;\"><\/div><div class=\"fusion-sep-clear\"><\/div><div class=\"fusion-text fusion-text-4\"><p style=\"text-align: left;\"><strong>Mandy Gro\u00dfst\u00fcck<\/strong><\/p>\n<div style=\"text-align: left;\"><span style=\"background-color: rgba(255, 255, 255, 0); color: var(--body_typography-color); font-family: var(--body_typography-font-family); font-size: var(--body_typography-font-size); font-style: var(--body_typography-font-style,normal); letter-spacing: var(--body_typography-letter-spacing);\">Assistante<\/span><span style=\"background-color: rgba(255, 255, 255, 0); color: var(--body_typography-color); font-family: var(--body_typography-font-family); font-size: var(--body_typography-font-size); font-style: var(--body_typography-font-style,normal); letter-spacing: var(--body_typography-letter-spacing);\"> de direction<\/span><\/div>\n<div style=\"text-align: left;\"><span style=\"background-color: rgba(255, 255, 255, 0); color: var(--body_typography-color); font-family: var(--body_typography-font-family); font-size: var(--body_typography-font-size); font-style: var(--body_typography-font-style,normal); letter-spacing: var(--body_typography-letter-spacing);\">E-mail : m.grossstueck@spine-med.de<\/span><\/div>\n<div style=\"text-align: left;\"><span style=\"background-color: rgba(255, 255, 255, 0); color: var(--body_typography-color); font-family: var(--body_typography-font-family); font-size: var(--body_typography-font-size); font-style: var(--body_typography-font-style,normal); letter-spacing: var(--body_typography-letter-spacing);\">T\u00e9l. : 089 890 63 65 12<\/span><\/div>\n<\/div><div class=\"fusion-clearfix\"><\/div><\/div><\/div><div class=\"fusion-layout-column fusion_builder_column fusion-builder-column-5 fusion_builder_column_1_2 1_2 fusion-one-half fusion-column-last\" style=\"--awb-padding-right:50px;--awb-padding-left:50px;--awb-bg-size:cover;width:50%;width:calc(50% - ( ( 4% ) * 0.5 ) );\"><div class=\"fusion-column-wrapper fusion-column-has-shadow fusion-flex-column-wrapper-legacy\"><div class=\"fusion-image-element fusion-image-align-left in-legacy-container\" style=\"text-align:left;--awb-caption-title-font-family:var(--h2_typography-font-family);--awb-caption-title-font-weight:var(--h2_typography-font-weight);--awb-caption-title-font-style:var(--h2_typography-font-style);--awb-caption-title-size:var(--h2_typography-font-size);--awb-caption-title-transform:var(--h2_typography-text-transform);--awb-caption-title-line-height:var(--h2_typography-line-height);--awb-caption-title-letter-spacing:var(--h2_typography-letter-spacing);\"><span class=\" fusion-imageframe imageframe-none imageframe-4 hover-type-none\" style=\"margin-right:25px;float:left;\"><img decoding=\"async\" width=\"100\" height=\"100\" title=\"Elke-Urban\" src=\"https:\/\/ml4wsmjzdovz.i.optimole.com\/w:auto\/h:auto\/q:auto\/https:\/\/spine-med.de\/wp-content\/uploads\/2019\/06\/Elke-Urban.jpg\" alt class=\"img-responsive wp-image-1117\"\/><\/span><\/div><div class=\"fusion-sep-clear\"><\/div><div class=\"fusion-separator fusion-full-width-sep\" style=\"margin-left: auto;margin-right: auto;margin-top:30px;width:100%;\"><\/div><div class=\"fusion-sep-clear\"><\/div><div class=\"fusion-text fusion-text-5\"><p style=\"text-align: left;\"><strong>Nadja Naumann<\/strong><\/p>\n<p style=\"text-align: left;\">Assistance commerciale<br \/>\n<span style=\"background-color: rgba(255, 255, 255, 0); color: var(--body_typography-color); font-family: var(--body_typography-font-family); font-size: var(--body_typography-font-size); font-style: var(--body_typography-font-style,normal); letter-spacing: var(--body_typography-letter-spacing);\">E-mail : n.naumann@spine-med.de<\/span><br \/>\n<span style=\"background-color: rgba(255, 255, 255, 0); color: var(--body_typography-color); font-family: var(--body_typography-font-family); font-size: var(--body_typography-font-size); font-style: var(--body_typography-font-style,normal); letter-spacing: var(--body_typography-letter-spacing);\">T\u00e9l. : 089 890 63 65 19<br \/>\n<\/span><\/p>\n<\/div><div class=\"fusion-clearfix\"><\/div><\/div><\/div><\/div><\/div><\/div><div id=\"contact\" class=\"fusion-container-anchor\"><div class=\"fusion-fullwidth fullwidth-box fusion-builder-row-4 nonhundred-percent-fullwidth non-hundred-percent-height-scrolling\" style=\"--awb-border-radius-top-left:0px;--awb-border-radius-top-right:0px;--awb-border-radius-bottom-right:0px;--awb-border-radius-bottom-left:0px;--awb-padding-top:50px;--awb-padding-right:16px;--awb-padding-bottom:50px;--awb-padding-left:16px;--awb-margin-top:50px;--awb-background-color:#f9f9f9;--awb-flex-wrap:wrap;\" ><div class=\"fusion-builder-row fusion-row\"><div class=\"fusion-layout-column fusion_builder_column fusion-builder-column-6 fusion_builder_column_1_1 1_1 fusion-one-full fusion-column-first fusion-column-last\" style=\"--awb-padding-right:50px;--awb-padding-left:50px;--awb-bg-size:cover;\"><div class=\"fusion-column-wrapper fusion-column-has-shadow fusion-flex-column-wrapper-legacy\"><div class=\"fusion-title title fusion-title-2 fusion-sep-none fusion-title-center fusion-title-text fusion-title-size-two\" style=\"--awb-text-color:#036aab;--awb-margin-top-small:0px;--awb-margin-right-small:0px;--awb-margin-bottom-small:20px;--awb-margin-left-small:0px;\"><h2 class=\"fusion-title-heading title-heading-center\" style=\"margin:0;\"><p style=\"text-align: center;\">CONTACTEZ-NOUS !<\/p><\/h2><\/div><div class=\"fusion-sep-clear\"><\/div><div class=\"fusion-separator\" style=\"margin-left: auto;margin-right: auto;margin-top:15px;margin-bottom:25px;width:100%;max-width:50px;\"><div class=\"fusion-separator-border sep-single sep-dotted\" style=\"--awb-height:20px;--awb-amount:20px;border-color:#036aab;border-top-width:7px;\"><\/div><\/div><div class=\"fusion-sep-clear\"><\/div><div class=\"fusion-text fusion-text-6\"><p><script charset=\"utf-8\" type=\"text\/javascript\" src=\"\/\/js.hsforms.net\/forms\/shell.js\"><\/script><script> hbspt.forms.create({ region: \"na1\", portalId: \"19511315\", formId: \"c8cdc656-b47f-41ff-94d0-699b8c1e24f0\"});<\/script><\/p>\n<\/div><div class=\"fusion-clearfix\"><\/div><\/div><\/div><\/div><\/div><\/div><\/p>\n","protected":false},"excerpt":{"rendered":"","protected":false},"author":2,"featured_media":0,"parent":0,"menu_order":0,"comment_status":"closed","ping_status":"closed","template":"100-width.php","meta":{"footnotes":""},"class_list":["post-1115","page","type-page","status-publish","hentry"],"yoast_head":"<!-- This site is optimized with the Yoast SEO plugin v27.4 - https:\/\/yoast.com\/product\/yoast-seo-wordpress\/ -->\n<title>\u00c0 propos de nous - SpineMED\u00ae<\/title>\n<meta name=\"robots\" content=\"index, follow, max-snippet:-1, max-image-preview:large, max-video-preview:-1\" \/>\n<link rel=\"canonical\" href=\"https:\/\/spine-med.de\/fr\/a-propos-de-nous\/\" \/>\n<meta property=\"og:locale\" content=\"fr_FR\" \/>\n<meta property=\"og:type\" content=\"article\" \/>\n<meta property=\"og:title\" content=\"\u00c0 propos de nous - SpineMED\u00ae\" \/>\n<meta property=\"og:url\" content=\"https:\/\/spine-med.de\/fr\/a-propos-de-nous\/\" \/>\n<meta property=\"og:site_name\" content=\"SpineMED\u00ae\" \/>\n<meta property=\"article:modified_time\" content=\"2025-12-03T13:14:25+00:00\" \/>\n<meta property=\"og:image\" content=\"https:\/\/spine-med.de\/wp-content\/uploads\/2019\/11\/Bild3.jpg\" \/>\n\t<meta property=\"og:image:width\" content=\"561\" \/>\n\t<meta property=\"og:image:height\" content=\"360\" \/>\n\t<meta property=\"og:image:type\" content=\"image\/jpeg\" \/>\n<meta name=\"twitter:card\" content=\"summary_large_image\" \/>\n<meta name=\"twitter:label1\" content=\"Dur\u00e9e de lecture estim\u00e9e\" \/>\n\t<meta name=\"twitter:data1\" content=\"13 minutes\" \/>\n<script type=\"application\/ld+json\" class=\"yoast-schema-graph\">{\"@context\":\"https:\\\/\\\/schema.org\",\"@graph\":[{\"@type\":\"WebPage\",\"@id\":\"https:\\\/\\\/spine-med.de\\\/fr\\\/a-propos-de-nous\\\/\",\"url\":\"https:\\\/\\\/spine-med.de\\\/fr\\\/a-propos-de-nous\\\/\",\"name\":\"\u00c0 propos de nous - SpineMED\u00ae\",\"isPartOf\":{\"@id\":\"https:\\\/\\\/spine-med.de\\\/fr\\\/#website\"},\"primaryImageOfPage\":{\"@id\":\"https:\\\/\\\/spine-med.de\\\/fr\\\/a-propos-de-nous\\\/#primaryimage\"},\"image\":{\"@id\":\"https:\\\/\\\/spine-med.de\\\/fr\\\/a-propos-de-nous\\\/#primaryimage\"},\"thumbnailUrl\":\"https:\\\/\\\/spine-med.de\\\/wp-content\\\/uploads\\\/2019\\\/11\\\/Bild3-300x193.jpg\",\"datePublished\":\"2019-06-24T08:30:18+00:00\",\"dateModified\":\"2025-12-03T13:14:25+00:00\",\"breadcrumb\":{\"@id\":\"https:\\\/\\\/spine-med.de\\\/fr\\\/a-propos-de-nous\\\/#breadcrumb\"},\"inLanguage\":\"fr-FR\",\"potentialAction\":[{\"@type\":\"ReadAction\",\"target\":[\"https:\\\/\\\/spine-med.de\\\/fr\\\/a-propos-de-nous\\\/\"]}]},{\"@type\":\"ImageObject\",\"inLanguage\":\"fr-FR\",\"@id\":\"https:\\\/\\\/spine-med.de\\\/fr\\\/a-propos-de-nous\\\/#primaryimage\",\"url\":\"https:\\\/\\\/spine-med.de\\\/wp-content\\\/uploads\\\/2019\\\/11\\\/Bild3-300x193.jpg\",\"contentUrl\":\"https:\\\/\\\/spine-med.de\\\/wp-content\\\/uploads\\\/2019\\\/11\\\/Bild3-300x193.jpg\"},{\"@type\":\"BreadcrumbList\",\"@id\":\"https:\\\/\\\/spine-med.de\\\/fr\\\/a-propos-de-nous\\\/#breadcrumb\",\"itemListElement\":[{\"@type\":\"ListItem\",\"position\":1,\"name\":\"Startseite\",\"item\":\"https:\\\/\\\/spine-med.de\\\/fr\\\/accueil\\\/\"},{\"@type\":\"ListItem\",\"position\":2,\"name\":\"\u00c0 propos de nous\"}]},{\"@type\":\"WebSite\",\"@id\":\"https:\\\/\\\/spine-med.de\\\/fr\\\/#website\",\"url\":\"https:\\\/\\\/spine-med.de\\\/fr\\\/\",\"name\":\"SpineMED\u00ae\",\"description\":\"decompression system\",\"potentialAction\":[{\"@type\":\"SearchAction\",\"target\":{\"@type\":\"EntryPoint\",\"urlTemplate\":\"https:\\\/\\\/spine-med.de\\\/fr\\\/?s={search_term_string}\"},\"query-input\":{\"@type\":\"PropertyValueSpecification\",\"valueRequired\":true,\"valueName\":\"search_term_string\"}}],\"inLanguage\":\"fr-FR\"}]}<\/script>\n<!-- \/ Yoast SEO plugin. -->","yoast_head_json":{"title":"\u00c0 propos de nous - SpineMED\u00ae","robots":{"index":"index","follow":"follow","max-snippet":"max-snippet:-1","max-image-preview":"max-image-preview:large","max-video-preview":"max-video-preview:-1"},"canonical":"https:\/\/spine-med.de\/fr\/a-propos-de-nous\/","og_locale":"fr_FR","og_type":"article","og_title":"\u00c0 propos de nous - SpineMED\u00ae","og_url":"https:\/\/spine-med.de\/fr\/a-propos-de-nous\/","og_site_name":"SpineMED\u00ae","article_modified_time":"2025-12-03T13:14:25+00:00","og_image":[{"width":561,"height":360,"url":"https:\/\/spine-med.de\/wp-content\/uploads\/2019\/11\/Bild3.jpg","type":"image\/jpeg"}],"twitter_card":"summary_large_image","twitter_misc":{"Dur\u00e9e de lecture estim\u00e9e":"13 minutes"},"schema":{"@context":"https:\/\/schema.org","@graph":[{"@type":"WebPage","@id":"https:\/\/spine-med.de\/fr\/a-propos-de-nous\/","url":"https:\/\/spine-med.de\/fr\/a-propos-de-nous\/","name":"\u00c0 propos de nous - SpineMED\u00ae","isPartOf":{"@id":"https:\/\/spine-med.de\/fr\/#website"},"primaryImageOfPage":{"@id":"https:\/\/spine-med.de\/fr\/a-propos-de-nous\/#primaryimage"},"image":{"@id":"https:\/\/spine-med.de\/fr\/a-propos-de-nous\/#primaryimage"},"thumbnailUrl":"https:\/\/spine-med.de\/wp-content\/uploads\/2019\/11\/Bild3-300x193.jpg","datePublished":"2019-06-24T08:30:18+00:00","dateModified":"2025-12-03T13:14:25+00:00","breadcrumb":{"@id":"https:\/\/spine-med.de\/fr\/a-propos-de-nous\/#breadcrumb"},"inLanguage":"fr-FR","potentialAction":[{"@type":"ReadAction","target":["https:\/\/spine-med.de\/fr\/a-propos-de-nous\/"]}]},{"@type":"ImageObject","inLanguage":"fr-FR","@id":"https:\/\/spine-med.de\/fr\/a-propos-de-nous\/#primaryimage","url":"https:\/\/spine-med.de\/wp-content\/uploads\/2019\/11\/Bild3-300x193.jpg","contentUrl":"https:\/\/spine-med.de\/wp-content\/uploads\/2019\/11\/Bild3-300x193.jpg"},{"@type":"BreadcrumbList","@id":"https:\/\/spine-med.de\/fr\/a-propos-de-nous\/#breadcrumb","itemListElement":[{"@type":"ListItem","position":1,"name":"Startseite","item":"https:\/\/spine-med.de\/fr\/accueil\/"},{"@type":"ListItem","position":2,"name":"\u00c0 propos de nous"}]},{"@type":"WebSite","@id":"https:\/\/spine-med.de\/fr\/#website","url":"https:\/\/spine-med.de\/fr\/","name":"SpineMED\u00ae","description":"decompression system","potentialAction":[{"@type":"SearchAction","target":{"@type":"EntryPoint","urlTemplate":"https:\/\/spine-med.de\/fr\/?s={search_term_string}"},"query-input":{"@type":"PropertyValueSpecification","valueRequired":true,"valueName":"search_term_string"}}],"inLanguage":"fr-FR"}]}},"_links":{"self":[{"href":"https:\/\/spine-med.de\/fr\/wp-json\/wp\/v2\/pages\/1115","targetHints":{"allow":["GET"]}}],"collection":[{"href":"https:\/\/spine-med.de\/fr\/wp-json\/wp\/v2\/pages"}],"about":[{"href":"https:\/\/spine-med.de\/fr\/wp-json\/wp\/v2\/types\/page"}],"author":[{"embeddable":true,"href":"https:\/\/spine-med.de\/fr\/wp-json\/wp\/v2\/users\/2"}],"replies":[{"embeddable":true,"href":"https:\/\/spine-med.de\/fr\/wp-json\/wp\/v2\/comments?post=1115"}],"version-history":[{"count":3,"href":"https:\/\/spine-med.de\/fr\/wp-json\/wp\/v2\/pages\/1115\/revisions"}],"predecessor-version":[{"id":1122,"href":"https:\/\/spine-med.de\/fr\/wp-json\/wp\/v2\/pages\/1115\/revisions\/1122"}],"wp:attachment":[{"href":"https:\/\/spine-med.de\/fr\/wp-json\/wp\/v2\/media?parent=1115"}],"curies":[{"name":"wp","href":"https:\/\/api.w.org\/{rel}","templated":true}]}}