{"id":1106,"date":"2019-06-24T13:42:43","date_gmt":"2019-06-24T13:42:43","guid":{"rendered":"https:\/\/spine-med.de\/lumbago\/"},"modified":"2025-12-03T13:14:42","modified_gmt":"2025-12-03T13:14:42","slug":"lumbago","status":"publish","type":"page","link":"https:\/\/spine-med.de\/fr\/domaines-dapplication\/lumbago\/","title":{"rendered":"Lumbago"},"content":{"rendered":"<p><div class=\"fusion-fullwidth fullwidth-box fusion-builder-row-1 nonhundred-percent-fullwidth non-hundred-percent-height-scrolling\" style=\"--awb-border-radius-top-left:0px;--awb-border-radius-top-right:0px;--awb-border-radius-bottom-right:0px;--awb-border-radius-bottom-left:0px;--awb-margin-top:50px;--awb-flex-wrap:wrap;\" ><div class=\"fusion-builder-row fusion-row\"><div class=\"fusion-layout-column fusion_builder_column fusion-builder-column-0 fusion_builder_column_1_1 1_1 fusion-one-full fusion-column-first fusion-column-last\" style=\"--awb-bg-size:cover;\"><div class=\"fusion-column-wrapper fusion-column-has-shadow fusion-flex-column-wrapper-legacy\"><div class=\"fusion-title title fusion-title-1 fusion-sep-none fusion-title-center fusion-title-text fusion-title-size-two\" style=\"--awb-margin-top-small:0px;--awb-margin-right-small:0px;--awb-margin-bottom-small:20px;--awb-margin-left-small:0px;\"><h2 class=\"fusion-title-heading title-heading-center\" style=\"margin:0;\">LUMBAGO<\/h2><\/div><div class=\"fusion-sep-clear\"><\/div><div class=\"fusion-separator\" style=\"margin-left: auto;margin-right: auto;margin-top:15px;margin-bottom:25px;width:100%;max-width:50px;\"><div class=\"fusion-separator-border sep-single sep-dotted\" style=\"--awb-height:20px;--awb-amount:20px;border-color:#036aab;border-top-width:7px;\"><\/div><\/div><div class=\"fusion-sep-clear\"><\/div><div class=\"fusion-text fusion-text-1\"><p>Un lumbago se traduit par une douleur dorsale soudaine, violente et invalidante<br \/>\nau niveau des vert\u00e8bres lombaires. La cause des douleurs lombaires\/dorsales peut \u00eatre un blocage de l\u2019articulation vert\u00e9brale ou<br \/>\nsacro-iliaque, une hernie discale au niveau lombaire, des tensions musculaires aigu\u00ebs ou une<br \/>\nusure des articulations vert\u00e9brales. <\/p>\n<p>Des diagnostics inflammatoires tels que la maladie de Scheuermann, la spondylarthrite ankylosante et des causes tumorales peuvent \u00e9galement provoquer des douleurs dorsales aigu\u00ebs. En m\u00e9decine, le lumbago est appel\u00e9 lombalgie, lombalgie aigu\u00eb ou syndrome lombaire aigu. Le plus souvent, la cause d\u2019un lumbago r\u00e9side dans un blocage des petites articulations vert\u00e9brales (articulations facettaires) qui peuvent se \u00ab coincer \u00bb. En r\u00e8gle g\u00e9n\u00e9rale, les sympt\u00f4mes disparaissent compl\u00e8tement en 2 \u00e0 7 jours. Si les sympt\u00f4mes persistent plus longtemps, il est recommand\u00e9 de consulter un sp\u00e9cialiste.    <\/p>\n<p>Gr\u00e2ce \u00e0 la th\u00e9rapie SpineMED\u00ae, les petites articulations vert\u00e9brales peuvent \u00eatre d\u00e9bloqu\u00e9es m\u00e9caniquement, c\u2019est-\u00e0-dire \u00ab lib\u00e9r\u00e9es \u00bb.<\/p>\n<\/div><div class=\"fusion-button-wrapper fusion-aligncenter\"><a class=\"fusion-button button-3d fusion-button-default-size button-default fusion-button-default button-1 fusion-button-default-span fusion-button-default-type\" target=\"_self\" href=\"https:\/\/spine-med.de\/fr\/domaines-dapplication\/sciatique-sciatalgie\/\"><span class=\"fusion-button-text awb-button__text awb-button__text--default\">Sciatique \/ Sciatalgie<\/span><\/a><\/div><div class=\"fusion-clearfix\"><\/div><\/div><\/div><\/div><\/div><div id=\"contact\" class=\"fusion-container-anchor\"><div class=\"fusion-fullwidth fullwidth-box fusion-builder-row-2 nonhundred-percent-fullwidth non-hundred-percent-height-scrolling\" style=\"--awb-border-radius-top-left:0px;--awb-border-radius-top-right:0px;--awb-border-radius-bottom-right:0px;--awb-border-radius-bottom-left:0px;--awb-padding-top:50px;--awb-padding-right:16px;--awb-padding-bottom:50px;--awb-padding-left:16px;--awb-margin-top:50px;--awb-background-color:#f9f9f9;--awb-flex-wrap:wrap;\" ><div class=\"fusion-builder-row fusion-row\"><div class=\"fusion-layout-column fusion_builder_column fusion-builder-column-1 fusion_builder_column_1_1 1_1 fusion-one-full fusion-column-first fusion-column-last\" style=\"--awb-padding-right:50px;--awb-padding-left:50px;--awb-bg-size:cover;\"><div class=\"fusion-column-wrapper fusion-column-has-shadow fusion-flex-column-wrapper-legacy\"><div class=\"fusion-title title fusion-title-2 fusion-sep-none fusion-title-center fusion-title-text fusion-title-size-two\" style=\"--awb-text-color:#036aab;--awb-margin-top-small:0px;--awb-margin-right-small:0px;--awb-margin-bottom-small:20px;--awb-margin-left-small:0px;\"><h2 class=\"fusion-title-heading title-heading-center\" style=\"margin:0;\"><p style=\"text-align: center\">CONTACTEZ-NOUS !<\/p><\/h2><\/div><div class=\"fusion-sep-clear\"><\/div><div class=\"fusion-separator\" style=\"margin-left: auto;margin-right: auto;margin-top:15px;margin-bottom:25px;width:100%;max-width:50px;\"><div class=\"fusion-separator-border sep-single sep-dotted\" style=\"--awb-height:20px;--awb-amount:20px;border-color:#036aab;border-top-width:7px;\"><\/div><\/div><div class=\"fusion-sep-clear\"><\/div><div class=\"fusion-text fusion-text-2\"><p> hbspt.forms.create();<\/p>\n<\/div><div class=\"fusion-clearfix\"><\/div><\/div><\/div><\/div><\/div><\/div><\/p>\n","protected":false},"excerpt":{"rendered":"","protected":false},"author":2,"featured_media":0,"parent":1129,"menu_order":0,"comment_status":"closed","ping_status":"closed","template":"100-width.php","meta":{"footnotes":""},"class_list":["post-1106","page","type-page","status-publish","hentry"],"yoast_head":"<!-- This site is optimized with the Yoast SEO plugin v27.4 - https:\/\/yoast.com\/product\/yoast-seo-wordpress\/ -->\n<title>Lumbago - SpineMED\u00ae<\/title>\n<meta name=\"robots\" content=\"index, follow, max-snippet:-1, max-image-preview:large, max-video-preview:-1\" \/>\n<link rel=\"canonical\" href=\"https:\/\/spine-med.de\/fr\/domaines-dapplication\/lumbago\/\" \/>\n<meta property=\"og:locale\" content=\"fr_FR\" \/>\n<meta property=\"og:type\" content=\"article\" \/>\n<meta property=\"og:title\" content=\"Lumbago - SpineMED\u00ae\" \/>\n<meta property=\"og:url\" content=\"https:\/\/spine-med.de\/fr\/domaines-dapplication\/lumbago\/\" \/>\n<meta property=\"og:site_name\" content=\"SpineMED\u00ae\" \/>\n<meta property=\"article:modified_time\" content=\"2025-12-03T13:14:42+00:00\" \/>\n<meta name=\"twitter:card\" content=\"summary_large_image\" \/>\n<meta name=\"twitter:label1\" content=\"Dur\u00e9e de lecture estim\u00e9e\" \/>\n\t<meta name=\"twitter:data1\" content=\"7 minutes\" \/>\n<script type=\"application\/ld+json\" class=\"yoast-schema-graph\">{\"@context\":\"https:\\\/\\\/schema.org\",\"@graph\":[{\"@type\":\"WebPage\",\"@id\":\"https:\\\/\\\/spine-med.de\\\/fr\\\/domaines-dapplication\\\/lumbago\\\/\",\"url\":\"https:\\\/\\\/spine-med.de\\\/fr\\\/domaines-dapplication\\\/lumbago\\\/\",\"name\":\"Lumbago - SpineMED\u00ae\",\"isPartOf\":{\"@id\":\"https:\\\/\\\/spine-med.de\\\/fr\\\/#website\"},\"datePublished\":\"2019-06-24T13:42:43+00:00\",\"dateModified\":\"2025-12-03T13:14:42+00:00\",\"breadcrumb\":{\"@id\":\"https:\\\/\\\/spine-med.de\\\/fr\\\/domaines-dapplication\\\/lumbago\\\/#breadcrumb\"},\"inLanguage\":\"fr-FR\",\"potentialAction\":[{\"@type\":\"ReadAction\",\"target\":[\"https:\\\/\\\/spine-med.de\\\/fr\\\/domaines-dapplication\\\/lumbago\\\/\"]}]},{\"@type\":\"BreadcrumbList\",\"@id\":\"https:\\\/\\\/spine-med.de\\\/fr\\\/domaines-dapplication\\\/lumbago\\\/#breadcrumb\",\"itemListElement\":[{\"@type\":\"ListItem\",\"position\":1,\"name\":\"Startseite\",\"item\":\"https:\\\/\\\/spine-med.de\\\/fr\\\/accueil\\\/\"},{\"@type\":\"ListItem\",\"position\":2,\"name\":\"Domaines d&rsquo;application\",\"item\":\"https:\\\/\\\/spine-med.de\\\/fr\\\/domaines-dapplication\\\/\"},{\"@type\":\"ListItem\",\"position\":3,\"name\":\"Lumbago\"}]},{\"@type\":\"WebSite\",\"@id\":\"https:\\\/\\\/spine-med.de\\\/fr\\\/#website\",\"url\":\"https:\\\/\\\/spine-med.de\\\/fr\\\/\",\"name\":\"SpineMED\u00ae\",\"description\":\"decompression system\",\"potentialAction\":[{\"@type\":\"SearchAction\",\"target\":{\"@type\":\"EntryPoint\",\"urlTemplate\":\"https:\\\/\\\/spine-med.de\\\/fr\\\/?s={search_term_string}\"},\"query-input\":{\"@type\":\"PropertyValueSpecification\",\"valueRequired\":true,\"valueName\":\"search_term_string\"}}],\"inLanguage\":\"fr-FR\"}]}<\/script>\n<!-- \/ Yoast SEO plugin. -->","yoast_head_json":{"title":"Lumbago - SpineMED\u00ae","robots":{"index":"index","follow":"follow","max-snippet":"max-snippet:-1","max-image-preview":"max-image-preview:large","max-video-preview":"max-video-preview:-1"},"canonical":"https:\/\/spine-med.de\/fr\/domaines-dapplication\/lumbago\/","og_locale":"fr_FR","og_type":"article","og_title":"Lumbago - SpineMED\u00ae","og_url":"https:\/\/spine-med.de\/fr\/domaines-dapplication\/lumbago\/","og_site_name":"SpineMED\u00ae","article_modified_time":"2025-12-03T13:14:42+00:00","twitter_card":"summary_large_image","twitter_misc":{"Dur\u00e9e de lecture estim\u00e9e":"7 minutes"},"schema":{"@context":"https:\/\/schema.org","@graph":[{"@type":"WebPage","@id":"https:\/\/spine-med.de\/fr\/domaines-dapplication\/lumbago\/","url":"https:\/\/spine-med.de\/fr\/domaines-dapplication\/lumbago\/","name":"Lumbago - SpineMED\u00ae","isPartOf":{"@id":"https:\/\/spine-med.de\/fr\/#website"},"datePublished":"2019-06-24T13:42:43+00:00","dateModified":"2025-12-03T13:14:42+00:00","breadcrumb":{"@id":"https:\/\/spine-med.de\/fr\/domaines-dapplication\/lumbago\/#breadcrumb"},"inLanguage":"fr-FR","potentialAction":[{"@type":"ReadAction","target":["https:\/\/spine-med.de\/fr\/domaines-dapplication\/lumbago\/"]}]},{"@type":"BreadcrumbList","@id":"https:\/\/spine-med.de\/fr\/domaines-dapplication\/lumbago\/#breadcrumb","itemListElement":[{"@type":"ListItem","position":1,"name":"Startseite","item":"https:\/\/spine-med.de\/fr\/accueil\/"},{"@type":"ListItem","position":2,"name":"Domaines d&rsquo;application","item":"https:\/\/spine-med.de\/fr\/domaines-dapplication\/"},{"@type":"ListItem","position":3,"name":"Lumbago"}]},{"@type":"WebSite","@id":"https:\/\/spine-med.de\/fr\/#website","url":"https:\/\/spine-med.de\/fr\/","name":"SpineMED\u00ae","description":"decompression system","potentialAction":[{"@type":"SearchAction","target":{"@type":"EntryPoint","urlTemplate":"https:\/\/spine-med.de\/fr\/?s={search_term_string}"},"query-input":{"@type":"PropertyValueSpecification","valueRequired":true,"valueName":"search_term_string"}}],"inLanguage":"fr-FR"}]}},"_links":{"self":[{"href":"https:\/\/spine-med.de\/fr\/wp-json\/wp\/v2\/pages\/1106","targetHints":{"allow":["GET"]}}],"collection":[{"href":"https:\/\/spine-med.de\/fr\/wp-json\/wp\/v2\/pages"}],"about":[{"href":"https:\/\/spine-med.de\/fr\/wp-json\/wp\/v2\/types\/page"}],"author":[{"embeddable":true,"href":"https:\/\/spine-med.de\/fr\/wp-json\/wp\/v2\/users\/2"}],"replies":[{"embeddable":true,"href":"https:\/\/spine-med.de\/fr\/wp-json\/wp\/v2\/comments?post=1106"}],"version-history":[{"count":3,"href":"https:\/\/spine-med.de\/fr\/wp-json\/wp\/v2\/pages\/1106\/revisions"}],"predecessor-version":[{"id":1141,"href":"https:\/\/spine-med.de\/fr\/wp-json\/wp\/v2\/pages\/1106\/revisions\/1141"}],"up":[{"embeddable":true,"href":"https:\/\/spine-med.de\/fr\/wp-json\/wp\/v2\/pages\/1129"}],"wp:attachment":[{"href":"https:\/\/spine-med.de\/fr\/wp-json\/wp\/v2\/media?parent=1106"}],"curies":[{"name":"wp","href":"https:\/\/api.w.org\/{rel}","templated":true}]}}