{"id":1098,"date":"2019-06-24T13:22:53","date_gmt":"2019-06-24T13:22:53","guid":{"rendered":"https:\/\/spine-med.de\/spinemed-peut-il-maider\/"},"modified":"2025-12-03T13:13:53","modified_gmt":"2025-12-03T13:13:53","slug":"spinemed-peut-il-maider","status":"publish","type":"page","link":"https:\/\/spine-med.de\/fr\/spinemed-peut-il-maider\/","title":{"rendered":"SpineMED\u00ae peut-il m&rsquo;aider ?"},"content":{"rendered":"<p><div class=\"fusion-fullwidth fullwidth-box fusion-builder-row-1 nonhundred-percent-fullwidth non-hundred-percent-height-scrolling\" style=\"--awb-border-radius-top-left:0px;--awb-border-radius-top-right:0px;--awb-border-radius-bottom-right:0px;--awb-border-radius-bottom-left:0px;--awb-margin-top:60px;--awb-flex-wrap:wrap;\" ><div class=\"fusion-builder-row fusion-row\"><div class=\"fusion-layout-column fusion_builder_column fusion-builder-column-0 fusion_builder_column_1_1 1_1 fusion-one-full fusion-column-first fusion-column-last\" style=\"--awb-bg-size:cover;\"><div class=\"fusion-column-wrapper fusion-column-has-shadow fusion-flex-column-wrapper-legacy\"><div class=\"fusion-title title fusion-title-1 fusion-sep-none fusion-title-center fusion-title-text fusion-title-size-two\" style=\"--awb-margin-top-small:0px;--awb-margin-right-small:0px;--awb-margin-bottom-small:20px;--awb-margin-left-small:0px;\"><h2 class=\"fusion-title-heading title-heading-center\" style=\"margin:0;\"><p style=\"text-align: center;\"><span style=\"color: #036aab;\">La m\u00e9thode SpineMED\u00ae peut-elle m&rsquo;aider ?<\/span><\/p><\/h2><\/div><div class=\"fusion-sep-clear\"><\/div><div class=\"fusion-separator\" style=\"margin-left: auto;margin-right: auto;margin-top:15px;margin-bottom:35px;width:100%;max-width:50px;\"><div class=\"fusion-separator-border sep-single sep-dotted\" style=\"--awb-height:20px;--awb-amount:20px;border-color:#036aab;border-top-width:7px;\"><\/div><\/div><div class=\"fusion-sep-clear\"><\/div><div class=\"fusion-text fusion-text-1\"><p>Il a \u00e9t\u00e9 d\u00e9montr\u00e9 que la proc\u00e9dure de d\u00e9compression spinale sur la table SpineMED\u00ae est une m\u00e9thode tr\u00e8s efficace et doit \u00eatre consid\u00e9r\u00e9e comme une alternative \u00e0 une intervention chirurgicale.<\/p>\n<p>De plus, une s\u00e9curit\u00e9 \u00e0 100 % est garantie et aucun effet secondaire n&rsquo;est connu. La condition pr\u00e9alable au traitement par d\u00e9compression spinale est un examen initial, la discussion pr\u00e9cise des sympt\u00f4mes et la discussion des contre-indications \u00e9ventuelles.<x id=\"gid_0\"><\/x>La proc\u00e9dure ne convient pas aux patients atteints d&rsquo;ost\u00e9oporose s\u00e9v\u00e8re, de spondylolisth\u00e9sis de grade 2 et plus, de fractures, de tumeurs dans la r\u00e9gion de la colonne vert\u00e9brale et aux patients pr\u00e9sentant des malformations cong\u00e9nitales de la colonne vert\u00e9brale. La m\u00e9thode peut \u00e9galement \u00eatre utilis\u00e9e apr\u00e8s une chirurgie de la colonne vert\u00e9brale, mais il ne doit pas y avoir d&rsquo;implants m\u00e9talliques dans la colonne vert\u00e9brale du patient.<\/p>\n<\/div><div class=\"fusion-sep-clear\"><\/div><div class=\"fusion-separator fusion-full-width-sep\" style=\"margin-left: auto;margin-right: auto;margin-top:20px;width:100%;\"><\/div><div class=\"fusion-sep-clear\"><\/div><div class=\"fusion-clearfix\"><\/div><\/div><\/div><\/div><\/div><div class=\"fusion-fullwidth fullwidth-box fusion-builder-row-2 nonhundred-percent-fullwidth non-hundred-percent-height-scrolling\" style=\"--awb-border-radius-top-left:0px;--awb-border-radius-top-right:0px;--awb-border-radius-bottom-right:0px;--awb-border-radius-bottom-left:0px;--awb-margin-top:60px;--awb-flex-wrap:wrap;\" ><div class=\"fusion-builder-row fusion-row\"><div class=\"fusion-layout-column fusion_builder_column fusion-builder-column-1 fusion_builder_column_1_1 1_1 fusion-one-full fusion-column-first fusion-column-last\" style=\"--awb-bg-size:cover;\"><div class=\"fusion-column-wrapper fusion-column-has-shadow fusion-flex-column-wrapper-legacy\"><div class=\"fusion-title title fusion-title-2 fusion-sep-none fusion-title-center fusion-title-text fusion-title-size-two\" style=\"--awb-margin-top-small:0px;--awb-margin-right-small:0px;--awb-margin-bottom-small:20px;--awb-margin-left-small:0px;\"><h2 class=\"fusion-title-heading title-heading-center\" style=\"margin:0;\"><p style=\"text-align: center;\"><span style=\"color: #036aab;\">S\u00fbr, indolore et confortable.<\/span><\/p><\/h2><\/div><div class=\"fusion-sep-clear\"><\/div><div class=\"fusion-separator\" style=\"margin-left: auto;margin-right: auto;margin-top:15px;margin-bottom:35px;width:100%;max-width:50px;\"><div class=\"fusion-separator-border sep-single sep-dotted\" style=\"--awb-height:20px;--awb-amount:20px;border-color:#036aab;border-top-width:7px;\"><\/div><\/div><div class=\"fusion-sep-clear\"><\/div><div class=\"fusion-text fusion-text-2\"><ul>\n<li>Proc\u00e9dure non op\u00e9ratoire, indolore et s\u00fbre<\/li>\n<li>Utilis\u00e9 avec succ\u00e8s depuis de nombreuses ann\u00e9es \u2013 maintenant \u00e9galement en Allemagne<\/li>\n<li>M\u00e9thode de traitement holistique (l&rsquo;auto-gu\u00e9rison du corps est stimul\u00e9e)<\/li>\n<li>S\u00e9rie de traitements g\u00e9rable (20 traitements en moyenne) et temps acceptable (45 minutes par s\u00e9ance)<\/li>\n<li>Id\u00e9al pour&nbsp;:<br \/>\no Protusion\/prolapsus discal<br \/>\no D\u00e9g\u00e9n\u00e9rescence discale (usure)<br \/>\no Sciatique et radiculopathie<br \/>\no Syndrome des facettes articulaires<br \/>\no St\u00e9nose du canal rachidien<br \/>\no Pr\u00e9\/postop\u00e9ratoire<\/li>\n<li>Ne convient pas pour (contre-indications)&nbsp;:<br \/>\no Tumeurs dans la r\u00e9gion de la colonne vert\u00e9brale<br \/>\no Ost\u00e9oporose s\u00e9v\u00e8re<br \/>\no Spondylolisth\u00e9sis &gt; MD II\u00b0<br \/>\no D\u00e9formations cong\u00e9nitales de la colonne vert\u00e9brale<br \/>\no Cyphose (maladie de Scheuermann, maladie de Bechterew) et bosse de la veuve<br \/>\no Fractures osseuses r\u00e9centes dans la r\u00e9gion de la colonne vert\u00e9brale<br \/>\no Maladies inflammatoires<br \/>\no Cauda Equina (dos ouvert)<br \/>\no Patients apr\u00e8s une intervention chirurgicale avec des implants m\u00e9talliques dans la r\u00e9gion \u00e0 traiter<br \/>\no Pendant la grossesse<br \/>\no Patients de moins de 15 ans<\/li>\n<\/ul>\n<p>Vous n&rsquo;\u00eates pas oblig\u00e9 d&rsquo;accepter les douleurs cervicales et dorsales comme un fait in\u00e9luctable. Avec SpineMED\u00ae, vous disposez d&rsquo;une th\u00e9rapie s\u00fbre et indolore, sans effets secondaires, sans injections et sans op\u00e9ration.<\/p>\n<\/div><div class=\"fusion-button-wrapper fusion-aligncenter\"><a class=\"fusion-button button-3d fusion-button-default-size button-default fusion-button-default button-1 fusion-button-default-span fusion-button-default-type\" target=\"_self\" href=\"https:\/\/spine-med.de\/spinale-dekompression\/wirkungsmechanismus\/\"><span class=\"fusion-button-text awb-button__text awb-button__text--default\">M\u00e9canisme d&rsquo;action<\/span><\/a><\/div><div class=\"fusion-clearfix\"><\/div><\/div><\/div><\/div><\/div><div id=\"contact\" class=\"fusion-container-anchor\"><div class=\"fusion-fullwidth fullwidth-box fusion-builder-row-3 nonhundred-percent-fullwidth non-hundred-percent-height-scrolling\" style=\"--awb-border-radius-top-left:0px;--awb-border-radius-top-right:0px;--awb-border-radius-bottom-right:0px;--awb-border-radius-bottom-left:0px;--awb-padding-top:50px;--awb-padding-right:16px;--awb-padding-bottom:50px;--awb-padding-left:16px;--awb-margin-top:50px;--awb-background-color:#f9f9f9;--awb-flex-wrap:wrap;\" ><div class=\"fusion-builder-row fusion-row\"><div class=\"fusion-layout-column fusion_builder_column fusion-builder-column-2 fusion_builder_column_1_1 1_1 fusion-one-full fusion-column-first fusion-column-last\" style=\"--awb-padding-right:50px;--awb-padding-left:50px;--awb-bg-size:cover;\"><div class=\"fusion-column-wrapper fusion-column-has-shadow fusion-flex-column-wrapper-legacy\"><div class=\"fusion-title title fusion-title-3 fusion-sep-none fusion-title-center fusion-title-text fusion-title-size-two\" style=\"--awb-text-color:#036aab;--awb-margin-top-small:0px;--awb-margin-right-small:0px;--awb-margin-bottom-small:20px;--awb-margin-left-small:0px;\"><h2 class=\"fusion-title-heading title-heading-center\" style=\"margin:0;\"><p style=\"text-align: center;\">CONTACTEZ-NOUS !<\/p><\/h2><\/div><div class=\"fusion-sep-clear\"><\/div><div class=\"fusion-separator\" style=\"margin-left: auto;margin-right: auto;margin-top:15px;margin-bottom:25px;width:100%;max-width:50px;\"><div class=\"fusion-separator-border sep-single sep-dotted\" style=\"--awb-height:20px;--awb-amount:20px;border-color:#036aab;border-top-width:7px;\"><\/div><\/div><div class=\"fusion-sep-clear\"><\/div><div class=\"fusion-text fusion-text-3\"><p><script charset=\"utf-8\" type=\"text\/javascript\" src=\"\/\/js.hsforms.net\/forms\/shell.js\"><\/script><script> hbspt.forms.create({ region: \"na1\", portalId: \"19511315\", formId: \"c8cdc656-b47f-41ff-94d0-699b8c1e24f0\"});<\/script><\/p>\n<\/div><div class=\"fusion-clearfix\"><\/div><\/div><\/div><\/div><\/div><\/div><\/p>\n","protected":false},"excerpt":{"rendered":"","protected":false},"author":2,"featured_media":0,"parent":0,"menu_order":0,"comment_status":"closed","ping_status":"closed","template":"100-width.php","meta":{"footnotes":""},"class_list":["post-1098","page","type-page","status-publish","hentry"],"yoast_head":"<!-- This site is optimized with the Yoast SEO plugin v27.4 - https:\/\/yoast.com\/product\/yoast-seo-wordpress\/ -->\n<title>SpineMED\u00ae peut-il m&#039;aider ? - SpineMED\u00ae<\/title>\n<meta name=\"robots\" content=\"index, follow, max-snippet:-1, max-image-preview:large, max-video-preview:-1\" \/>\n<link rel=\"canonical\" href=\"https:\/\/spine-med.de\/fr\/spinemed-peut-il-maider\/\" \/>\n<meta property=\"og:locale\" content=\"fr_FR\" \/>\n<meta property=\"og:type\" content=\"article\" \/>\n<meta property=\"og:title\" content=\"SpineMED\u00ae peut-il m&#039;aider ? - SpineMED\u00ae\" \/>\n<meta property=\"og:url\" content=\"https:\/\/spine-med.de\/fr\/spinemed-peut-il-maider\/\" \/>\n<meta property=\"og:site_name\" content=\"SpineMED\u00ae\" \/>\n<meta property=\"article:modified_time\" content=\"2025-12-03T13:13:53+00:00\" \/>\n<meta name=\"twitter:card\" content=\"summary_large_image\" \/>\n<meta name=\"twitter:label1\" content=\"Dur\u00e9e de lecture estim\u00e9e\" \/>\n\t<meta name=\"twitter:data1\" content=\"10 minutes\" \/>\n<script type=\"application\/ld+json\" class=\"yoast-schema-graph\">{\"@context\":\"https:\\\/\\\/schema.org\",\"@graph\":[{\"@type\":\"WebPage\",\"@id\":\"https:\\\/\\\/spine-med.de\\\/fr\\\/spinemed-peut-il-maider\\\/\",\"url\":\"https:\\\/\\\/spine-med.de\\\/fr\\\/spinemed-peut-il-maider\\\/\",\"name\":\"SpineMED\u00ae peut-il m'aider ? - SpineMED\u00ae\",\"isPartOf\":{\"@id\":\"https:\\\/\\\/spine-med.de\\\/fr\\\/#website\"},\"datePublished\":\"2019-06-24T13:22:53+00:00\",\"dateModified\":\"2025-12-03T13:13:53+00:00\",\"breadcrumb\":{\"@id\":\"https:\\\/\\\/spine-med.de\\\/fr\\\/spinemed-peut-il-maider\\\/#breadcrumb\"},\"inLanguage\":\"fr-FR\",\"potentialAction\":[{\"@type\":\"ReadAction\",\"target\":[\"https:\\\/\\\/spine-med.de\\\/fr\\\/spinemed-peut-il-maider\\\/\"]}]},{\"@type\":\"BreadcrumbList\",\"@id\":\"https:\\\/\\\/spine-med.de\\\/fr\\\/spinemed-peut-il-maider\\\/#breadcrumb\",\"itemListElement\":[{\"@type\":\"ListItem\",\"position\":1,\"name\":\"Startseite\",\"item\":\"https:\\\/\\\/spine-med.de\\\/fr\\\/accueil\\\/\"},{\"@type\":\"ListItem\",\"position\":2,\"name\":\"SpineMED\u00ae peut-il m&rsquo;aider ?\"}]},{\"@type\":\"WebSite\",\"@id\":\"https:\\\/\\\/spine-med.de\\\/fr\\\/#website\",\"url\":\"https:\\\/\\\/spine-med.de\\\/fr\\\/\",\"name\":\"SpineMED\u00ae\",\"description\":\"decompression system\",\"potentialAction\":[{\"@type\":\"SearchAction\",\"target\":{\"@type\":\"EntryPoint\",\"urlTemplate\":\"https:\\\/\\\/spine-med.de\\\/fr\\\/?s={search_term_string}\"},\"query-input\":{\"@type\":\"PropertyValueSpecification\",\"valueRequired\":true,\"valueName\":\"search_term_string\"}}],\"inLanguage\":\"fr-FR\"}]}<\/script>\n<!-- \/ Yoast SEO plugin. -->","yoast_head_json":{"title":"SpineMED\u00ae peut-il m'aider ? - SpineMED\u00ae","robots":{"index":"index","follow":"follow","max-snippet":"max-snippet:-1","max-image-preview":"max-image-preview:large","max-video-preview":"max-video-preview:-1"},"canonical":"https:\/\/spine-med.de\/fr\/spinemed-peut-il-maider\/","og_locale":"fr_FR","og_type":"article","og_title":"SpineMED\u00ae peut-il m'aider ? - SpineMED\u00ae","og_url":"https:\/\/spine-med.de\/fr\/spinemed-peut-il-maider\/","og_site_name":"SpineMED\u00ae","article_modified_time":"2025-12-03T13:13:53+00:00","twitter_card":"summary_large_image","twitter_misc":{"Dur\u00e9e de lecture estim\u00e9e":"10 minutes"},"schema":{"@context":"https:\/\/schema.org","@graph":[{"@type":"WebPage","@id":"https:\/\/spine-med.de\/fr\/spinemed-peut-il-maider\/","url":"https:\/\/spine-med.de\/fr\/spinemed-peut-il-maider\/","name":"SpineMED\u00ae peut-il m'aider ? - SpineMED\u00ae","isPartOf":{"@id":"https:\/\/spine-med.de\/fr\/#website"},"datePublished":"2019-06-24T13:22:53+00:00","dateModified":"2025-12-03T13:13:53+00:00","breadcrumb":{"@id":"https:\/\/spine-med.de\/fr\/spinemed-peut-il-maider\/#breadcrumb"},"inLanguage":"fr-FR","potentialAction":[{"@type":"ReadAction","target":["https:\/\/spine-med.de\/fr\/spinemed-peut-il-maider\/"]}]},{"@type":"BreadcrumbList","@id":"https:\/\/spine-med.de\/fr\/spinemed-peut-il-maider\/#breadcrumb","itemListElement":[{"@type":"ListItem","position":1,"name":"Startseite","item":"https:\/\/spine-med.de\/fr\/accueil\/"},{"@type":"ListItem","position":2,"name":"SpineMED\u00ae peut-il m&rsquo;aider ?"}]},{"@type":"WebSite","@id":"https:\/\/spine-med.de\/fr\/#website","url":"https:\/\/spine-med.de\/fr\/","name":"SpineMED\u00ae","description":"decompression system","potentialAction":[{"@type":"SearchAction","target":{"@type":"EntryPoint","urlTemplate":"https:\/\/spine-med.de\/fr\/?s={search_term_string}"},"query-input":{"@type":"PropertyValueSpecification","valueRequired":true,"valueName":"search_term_string"}}],"inLanguage":"fr-FR"}]}},"_links":{"self":[{"href":"https:\/\/spine-med.de\/fr\/wp-json\/wp\/v2\/pages\/1098","targetHints":{"allow":["GET"]}}],"collection":[{"href":"https:\/\/spine-med.de\/fr\/wp-json\/wp\/v2\/pages"}],"about":[{"href":"https:\/\/spine-med.de\/fr\/wp-json\/wp\/v2\/types\/page"}],"author":[{"embeddable":true,"href":"https:\/\/spine-med.de\/fr\/wp-json\/wp\/v2\/users\/2"}],"replies":[{"embeddable":true,"href":"https:\/\/spine-med.de\/fr\/wp-json\/wp\/v2\/comments?post=1098"}],"version-history":[{"count":2,"href":"https:\/\/spine-med.de\/fr\/wp-json\/wp\/v2\/pages\/1098\/revisions"}],"predecessor-version":[{"id":1102,"href":"https:\/\/spine-med.de\/fr\/wp-json\/wp\/v2\/pages\/1098\/revisions\/1102"}],"wp:attachment":[{"href":"https:\/\/spine-med.de\/fr\/wp-json\/wp\/v2\/media?parent=1098"}],"curies":[{"name":"wp","href":"https:\/\/api.w.org\/{rel}","templated":true}]}}