{"id":1087,"date":"2019-06-24T13:51:33","date_gmt":"2019-06-24T13:51:33","guid":{"rendered":"https:\/\/spine-med.de\/syndrome-facettaire\/"},"modified":"2025-12-03T13:14:43","modified_gmt":"2025-12-03T13:14:43","slug":"syndrome-facettaire","status":"publish","type":"page","link":"https:\/\/spine-med.de\/fr\/domaines-dapplication\/syndrome-facettaire\/","title":{"rendered":"Syndrome facettaire"},"content":{"rendered":"<p><div class=\"fusion-fullwidth fullwidth-box fusion-builder-row-1 nonhundred-percent-fullwidth non-hundred-percent-height-scrolling\" style=\"--awb-border-radius-top-left:0px;--awb-border-radius-top-right:0px;--awb-border-radius-bottom-right:0px;--awb-border-radius-bottom-left:0px;--awb-margin-top:50px;--awb-flex-wrap:wrap;\" ><div class=\"fusion-builder-row fusion-row\"><div class=\"fusion-layout-column fusion_builder_column fusion-builder-column-0 fusion_builder_column_1_1 1_1 fusion-one-full fusion-column-first fusion-column-last\" style=\"--awb-bg-size:cover;\"><div class=\"fusion-column-wrapper fusion-column-has-shadow fusion-flex-column-wrapper-legacy\"><div class=\"fusion-title title fusion-title-1 fusion-sep-none fusion-title-center fusion-title-text fusion-title-size-two\" style=\"--awb-margin-top-small:0px;--awb-margin-right-small:0px;--awb-margin-bottom-small:20px;--awb-margin-left-small:0px;\"><h2 class=\"fusion-title-heading title-heading-center\" style=\"margin:0;\">SYNDROME FACETTAIRE<\/h2><\/div><div class=\"fusion-sep-clear\"><\/div><div class=\"fusion-separator\" style=\"margin-left: auto;margin-right: auto;margin-top:15px;margin-bottom:25px;width:100%;max-width:50px;\"><div class=\"fusion-separator-border sep-single sep-dotted\" style=\"--awb-height:20px;--awb-amount:20px;border-color:#036aab;border-top-width:7px;\"><\/div><\/div><div class=\"fusion-sep-clear\"><\/div><div class=\"fusion-text fusion-text-1\"><p>Les syndromes facettaires ou syndromes des articulations facettaires sont des douleurs caus\u00e9es par une irritation ou un blocage (\u00ab&nbsp;luxation&nbsp;\u00bb) des petites articulations vert\u00e9brales, appel\u00e9es articulations facettaires. La cause du syndrome facettaire est g\u00e9n\u00e9ralement l\u2019usure de cette ou de ces articulations, par exemple en raison d\u2019un surpoids, d\u2019un manque d\u2019exercice, de mauvaises postures (bureau, professions artisanales, etc.) et\/ou d\u2019influences inflammatoires (par exemple, maladies rhumatismales). De plus, les patients souffrant de faiblesse musculaire (instabilit\u00e9) ont tendance \u00e0 avoir des blocages r\u00e9currents des articulations facettaires. Il peut en r\u00e9sulter une usure accrue des disques intervert\u00e9braux, ce qui entra\u00eene \u00e0 son tour une plus forte pression sur les petites articulations vert\u00e9brales (cercle vicieux).   <\/p>\n<p>Au fil du temps, de l\u2019arthrose peut se d\u00e9velopper. Les zones de douleur peuvent se situer dans la r\u00e9gion cervicale moyenne ou inf\u00e9rieure (syndrome facettaire cervical). Cela peut entra\u00eener des irradiations dans les \u00e9paules, les omoplates ou les bras. Si les douleurs se situent dans les fesses, la r\u00e9gion lombaire ou les jambes, on parle de syndrome facettaire lombaire. Les douleurs dans la cage thoracique sont attribu\u00e9es au syndrome facettaire thoracique.    <\/p>\n<p>Comme d\u00e9j\u00e0 d\u00e9crit pour le \u00ab&nbsp;tour de reins&nbsp;\u00bb, la th\u00e9rapie SpineMED\u00ae peut \u00eatre utilis\u00e9e pour d\u00e9bloquer m\u00e9caniquement les petites articulations vert\u00e9brales, c\u2019est-\u00e0-dire les \u00ab&nbsp;lib\u00e9rer&nbsp;\u00bb<\/p>\n<\/div><div class=\"fusion-button-wrapper fusion-aligncenter\"><a class=\"fusion-button button-3d fusion-button-default-size button-default fusion-button-default button-1 fusion-button-default-span fusion-button-default-type\" target=\"_self\" href=\"https:\/\/spine-med.de\/fr\/domaines-dapplication\/lumbago\/\"><span class=\"fusion-button-text awb-button__text awb-button__text--default\">Lumbago<\/span><\/a><\/div><div class=\"fusion-clearfix\"><\/div><\/div><\/div><\/div><\/div><div id=\"contact\" class=\"fusion-container-anchor\"><div class=\"fusion-fullwidth fullwidth-box fusion-builder-row-2 nonhundred-percent-fullwidth non-hundred-percent-height-scrolling\" style=\"--awb-border-radius-top-left:0px;--awb-border-radius-top-right:0px;--awb-border-radius-bottom-right:0px;--awb-border-radius-bottom-left:0px;--awb-padding-top:50px;--awb-padding-right:16px;--awb-padding-bottom:50px;--awb-padding-left:16px;--awb-margin-top:50px;--awb-background-color:#f9f9f9;--awb-flex-wrap:wrap;\" ><div class=\"fusion-builder-row fusion-row\"><div class=\"fusion-layout-column fusion_builder_column fusion-builder-column-1 fusion_builder_column_1_1 1_1 fusion-one-full fusion-column-first fusion-column-last\" style=\"--awb-padding-right:50px;--awb-padding-left:50px;--awb-bg-size:cover;\"><div class=\"fusion-column-wrapper fusion-column-has-shadow fusion-flex-column-wrapper-legacy\"><div class=\"fusion-title title fusion-title-2 fusion-sep-none fusion-title-center fusion-title-text fusion-title-size-two\" style=\"--awb-text-color:#036aab;--awb-margin-top-small:0px;--awb-margin-right-small:0px;--awb-margin-bottom-small:20px;--awb-margin-left-small:0px;\"><h2 class=\"fusion-title-heading title-heading-center\" style=\"margin:0;\"><p style=\"text-align: center\">CONTACTEZ-NOUS !<\/p><\/h2><\/div><div class=\"fusion-sep-clear\"><\/div><div class=\"fusion-separator\" style=\"margin-left: auto;margin-right: auto;margin-top:15px;margin-bottom:25px;width:100%;max-width:50px;\"><div class=\"fusion-separator-border sep-single sep-dotted\" style=\"--awb-height:20px;--awb-amount:20px;border-color:#036aab;border-top-width:7px;\"><\/div><\/div><div class=\"fusion-sep-clear\"><\/div><div class=\"fusion-text fusion-text-2\"><p> hbspt.forms.create();<\/p>\n<\/div><div class=\"fusion-clearfix\"><\/div><\/div><\/div><\/div><\/div><\/div><\/p>\n","protected":false},"excerpt":{"rendered":"","protected":false},"author":2,"featured_media":0,"parent":1129,"menu_order":0,"comment_status":"closed","ping_status":"closed","template":"100-width.php","meta":{"footnotes":""},"class_list":["post-1087","page","type-page","status-publish","hentry"],"yoast_head":"<!-- This site is optimized with the Yoast SEO plugin v27.4 - https:\/\/yoast.com\/product\/yoast-seo-wordpress\/ -->\n<title>Syndrome facettaire - SpineMED\u00ae<\/title>\n<meta name=\"robots\" content=\"index, follow, max-snippet:-1, max-image-preview:large, max-video-preview:-1\" \/>\n<link rel=\"canonical\" href=\"https:\/\/spine-med.de\/fr\/domaines-dapplication\/syndrome-facettaire\/\" \/>\n<meta property=\"og:locale\" content=\"fr_FR\" \/>\n<meta property=\"og:type\" content=\"article\" \/>\n<meta property=\"og:title\" content=\"Syndrome facettaire - SpineMED\u00ae\" \/>\n<meta property=\"og:url\" content=\"https:\/\/spine-med.de\/fr\/domaines-dapplication\/syndrome-facettaire\/\" \/>\n<meta property=\"og:site_name\" content=\"SpineMED\u00ae\" \/>\n<meta property=\"article:modified_time\" content=\"2025-12-03T13:14:43+00:00\" \/>\n<meta name=\"twitter:card\" content=\"summary_large_image\" \/>\n<meta name=\"twitter:label1\" content=\"Dur\u00e9e de lecture estim\u00e9e\" \/>\n\t<meta name=\"twitter:data1\" content=\"7 minutes\" \/>\n<script type=\"application\/ld+json\" class=\"yoast-schema-graph\">{\"@context\":\"https:\\\/\\\/schema.org\",\"@graph\":[{\"@type\":\"WebPage\",\"@id\":\"https:\\\/\\\/spine-med.de\\\/fr\\\/domaines-dapplication\\\/syndrome-facettaire\\\/\",\"url\":\"https:\\\/\\\/spine-med.de\\\/fr\\\/domaines-dapplication\\\/syndrome-facettaire\\\/\",\"name\":\"Syndrome facettaire - SpineMED\u00ae\",\"isPartOf\":{\"@id\":\"https:\\\/\\\/spine-med.de\\\/fr\\\/#website\"},\"datePublished\":\"2019-06-24T13:51:33+00:00\",\"dateModified\":\"2025-12-03T13:14:43+00:00\",\"breadcrumb\":{\"@id\":\"https:\\\/\\\/spine-med.de\\\/fr\\\/domaines-dapplication\\\/syndrome-facettaire\\\/#breadcrumb\"},\"inLanguage\":\"fr-FR\",\"potentialAction\":[{\"@type\":\"ReadAction\",\"target\":[\"https:\\\/\\\/spine-med.de\\\/fr\\\/domaines-dapplication\\\/syndrome-facettaire\\\/\"]}]},{\"@type\":\"BreadcrumbList\",\"@id\":\"https:\\\/\\\/spine-med.de\\\/fr\\\/domaines-dapplication\\\/syndrome-facettaire\\\/#breadcrumb\",\"itemListElement\":[{\"@type\":\"ListItem\",\"position\":1,\"name\":\"Startseite\",\"item\":\"https:\\\/\\\/spine-med.de\\\/fr\\\/accueil\\\/\"},{\"@type\":\"ListItem\",\"position\":2,\"name\":\"Domaines d&rsquo;application\",\"item\":\"https:\\\/\\\/spine-med.de\\\/fr\\\/domaines-dapplication\\\/\"},{\"@type\":\"ListItem\",\"position\":3,\"name\":\"Syndrome facettaire\"}]},{\"@type\":\"WebSite\",\"@id\":\"https:\\\/\\\/spine-med.de\\\/fr\\\/#website\",\"url\":\"https:\\\/\\\/spine-med.de\\\/fr\\\/\",\"name\":\"SpineMED\u00ae\",\"description\":\"decompression system\",\"potentialAction\":[{\"@type\":\"SearchAction\",\"target\":{\"@type\":\"EntryPoint\",\"urlTemplate\":\"https:\\\/\\\/spine-med.de\\\/fr\\\/?s={search_term_string}\"},\"query-input\":{\"@type\":\"PropertyValueSpecification\",\"valueRequired\":true,\"valueName\":\"search_term_string\"}}],\"inLanguage\":\"fr-FR\"}]}<\/script>\n<!-- \/ Yoast SEO plugin. -->","yoast_head_json":{"title":"Syndrome facettaire - SpineMED\u00ae","robots":{"index":"index","follow":"follow","max-snippet":"max-snippet:-1","max-image-preview":"max-image-preview:large","max-video-preview":"max-video-preview:-1"},"canonical":"https:\/\/spine-med.de\/fr\/domaines-dapplication\/syndrome-facettaire\/","og_locale":"fr_FR","og_type":"article","og_title":"Syndrome facettaire - SpineMED\u00ae","og_url":"https:\/\/spine-med.de\/fr\/domaines-dapplication\/syndrome-facettaire\/","og_site_name":"SpineMED\u00ae","article_modified_time":"2025-12-03T13:14:43+00:00","twitter_card":"summary_large_image","twitter_misc":{"Dur\u00e9e de lecture estim\u00e9e":"7 minutes"},"schema":{"@context":"https:\/\/schema.org","@graph":[{"@type":"WebPage","@id":"https:\/\/spine-med.de\/fr\/domaines-dapplication\/syndrome-facettaire\/","url":"https:\/\/spine-med.de\/fr\/domaines-dapplication\/syndrome-facettaire\/","name":"Syndrome facettaire - SpineMED\u00ae","isPartOf":{"@id":"https:\/\/spine-med.de\/fr\/#website"},"datePublished":"2019-06-24T13:51:33+00:00","dateModified":"2025-12-03T13:14:43+00:00","breadcrumb":{"@id":"https:\/\/spine-med.de\/fr\/domaines-dapplication\/syndrome-facettaire\/#breadcrumb"},"inLanguage":"fr-FR","potentialAction":[{"@type":"ReadAction","target":["https:\/\/spine-med.de\/fr\/domaines-dapplication\/syndrome-facettaire\/"]}]},{"@type":"BreadcrumbList","@id":"https:\/\/spine-med.de\/fr\/domaines-dapplication\/syndrome-facettaire\/#breadcrumb","itemListElement":[{"@type":"ListItem","position":1,"name":"Startseite","item":"https:\/\/spine-med.de\/fr\/accueil\/"},{"@type":"ListItem","position":2,"name":"Domaines d&rsquo;application","item":"https:\/\/spine-med.de\/fr\/domaines-dapplication\/"},{"@type":"ListItem","position":3,"name":"Syndrome facettaire"}]},{"@type":"WebSite","@id":"https:\/\/spine-med.de\/fr\/#website","url":"https:\/\/spine-med.de\/fr\/","name":"SpineMED\u00ae","description":"decompression system","potentialAction":[{"@type":"SearchAction","target":{"@type":"EntryPoint","urlTemplate":"https:\/\/spine-med.de\/fr\/?s={search_term_string}"},"query-input":{"@type":"PropertyValueSpecification","valueRequired":true,"valueName":"search_term_string"}}],"inLanguage":"fr-FR"}]}},"_links":{"self":[{"href":"https:\/\/spine-med.de\/fr\/wp-json\/wp\/v2\/pages\/1087","targetHints":{"allow":["GET"]}}],"collection":[{"href":"https:\/\/spine-med.de\/fr\/wp-json\/wp\/v2\/pages"}],"about":[{"href":"https:\/\/spine-med.de\/fr\/wp-json\/wp\/v2\/types\/page"}],"author":[{"embeddable":true,"href":"https:\/\/spine-med.de\/fr\/wp-json\/wp\/v2\/users\/2"}],"replies":[{"embeddable":true,"href":"https:\/\/spine-med.de\/fr\/wp-json\/wp\/v2\/comments?post=1087"}],"version-history":[{"count":3,"href":"https:\/\/spine-med.de\/fr\/wp-json\/wp\/v2\/pages\/1087\/revisions"}],"predecessor-version":[{"id":1146,"href":"https:\/\/spine-med.de\/fr\/wp-json\/wp\/v2\/pages\/1087\/revisions\/1146"}],"up":[{"embeddable":true,"href":"https:\/\/spine-med.de\/fr\/wp-json\/wp\/v2\/pages\/1129"}],"wp:attachment":[{"href":"https:\/\/spine-med.de\/fr\/wp-json\/wp\/v2\/media?parent=1087"}],"curies":[{"name":"wp","href":"https:\/\/api.w.org\/{rel}","templated":true}]}}