{"id":1068,"date":"2019-06-24T13:47:52","date_gmt":"2019-06-24T13:47:52","guid":{"rendered":"https:\/\/spine-med.de\/douleurs-cervicales-syndrome-cervical\/"},"modified":"2025-12-03T13:14:43","modified_gmt":"2025-12-03T13:14:43","slug":"douleurs-cervicales-syndrome-cervical","status":"publish","type":"page","link":"https:\/\/spine-med.de\/fr\/domaines-dapplication\/douleurs-cervicales-syndrome-cervical\/","title":{"rendered":"Douleurs cervicales\/Syndrome cervical"},"content":{"rendered":"<p><div class=\"fusion-fullwidth fullwidth-box fusion-builder-row-1 nonhundred-percent-fullwidth non-hundred-percent-height-scrolling\" style=\"--awb-border-radius-top-left:0px;--awb-border-radius-top-right:0px;--awb-border-radius-bottom-right:0px;--awb-border-radius-bottom-left:0px;--awb-margin-top:50px;--awb-flex-wrap:wrap;\" ><div class=\"fusion-builder-row fusion-row\"><div class=\"fusion-layout-column fusion_builder_column fusion-builder-column-0 fusion_builder_column_1_1 1_1 fusion-one-full fusion-column-first fusion-column-last\" style=\"--awb-bg-size:cover;\"><div class=\"fusion-column-wrapper fusion-column-has-shadow fusion-flex-column-wrapper-legacy\"><div class=\"fusion-title title fusion-title-1 fusion-sep-none fusion-title-center fusion-title-text fusion-title-size-two\" style=\"--awb-margin-top-small:0px;--awb-margin-right-small:0px;--awb-margin-bottom-small:20px;--awb-margin-left-small:0px;\"><h2 class=\"fusion-title-heading title-heading-center\" style=\"margin:0;\">DOULEURS CERVICALES\/SYNDROME CERVICAL<\/h2><\/div><div class=\"fusion-sep-clear\"><\/div><div class=\"fusion-separator\" style=\"margin-left: auto;margin-right: auto;margin-top:15px;margin-bottom:25px;width:100%;max-width:50px;\"><div class=\"fusion-separator-border sep-single sep-dotted\" style=\"--awb-height:20px;--awb-amount:20px;border-color:#036aab;border-top-width:7px;\"><\/div><\/div><div class=\"fusion-sep-clear\"><\/div><div class=\"fusion-text fusion-text-1\"><p>Les douleurs cervicales sont tr\u00e8s r\u00e9pandues dans la population. Environ 50 % des adultes souffrent de douleurs au niveau du rachis cervical. Les douleurs dans la r\u00e9gion du dos, en particulier dans la r\u00e9gion de la nuque, peuvent avoir diff\u00e9rentes causes. Les 7 corps vert\u00e9braux du rachis cervical sont assembl\u00e9s en une rang\u00e9e stable. Les corps vert\u00e9braux sont reli\u00e9s entre eux par des articulations vert\u00e9brales appari\u00e9es aux vert\u00e8bres voisines. Entre les corps vert\u00e9braux se trouvent les disques intervert\u00e9braux, qui sont importants pour la mobilit\u00e9 de la colonne vert\u00e9brale et amortissent les forces agissant axialement. De nombreux ligaments et muscles s&rsquo;\u00e9tendent entre les corps vert\u00e9braux, qui sont importants pour le mouvement et la stabilit\u00e9 du rachis cervical.      <\/p>\n<p>Les douleurs dans la r\u00e9gion du rachis cervical sont tr\u00e8s souvent d\u00e9sign\u00e9es par le terme de syndrome cervical (sans indication plus pr\u00e9cise de la cause r\u00e9elle). Le plus souvent, les troubles dans cette r\u00e9gion du corps sont dus \u00e0 des tensions et des crampes musculaires r\u00e9sultant d&rsquo;une surcharge et d&rsquo;une mauvaise posture (par exemple, le travail sur \u00e9cran). D&rsquo;autres douleurs fr\u00e9quentes r\u00e9sultent de l\u00e9sions discales, de l&rsquo;arthrose, de blocages (voir syndrome facettaire) et d&rsquo;inflammations (spondylarthrite).<br \/>\nLes troubles peuvent \u00e9galement irradier dans l&rsquo;\u00e9paule et les bras (brachialgie) et se manifester sous forme de vertiges et de maux de t\u00eate. Souvent, les douleurs cervicales chroniques apparaissent \u00e9galement sans causes orthop\u00e9diques \u00e0 la suite d&rsquo;une surcharge psychique constante. <\/p>\n<p>Un renforcement musculaire cibl\u00e9 des muscles du dos ainsi que l&rsquo;\u00e9vitement de mauvaises postures ou des th\u00e9rapies sp\u00e9ciales dans la r\u00e9gion douloureuse peuvent am\u00e9liorer ou pr\u00e9venir les douleurs cervicales. La th\u00e9rapie SpineMED\u00ae peut obtenir des succ\u00e8s consid\u00e9rables dans ce domaine. En particulier en cas de probl\u00e8mes de disques intervert\u00e9braux (avec ou sans irradiation), une absence durable de troubles peut \u00eatre obtenue gr\u00e2ce \u00e0 la d\u00e9compression spinale.<\/p>\n<\/div><div class=\"fusion-button-wrapper fusion-aligncenter\"><a class=\"fusion-button button-3d fusion-button-default-size button-default fusion-button-default button-1 fusion-button-default-span fusion-button-default-type\" target=\"_self\" href=\"https:\/\/spine-med.de\/fr\/domaines-dapplication\/osteochondrose\/\"><span class=\"fusion-button-text awb-button__text awb-button__text--default\">Ost\u00e9ochondrose<\/span><\/a><\/div><div class=\"fusion-clearfix\"><\/div><\/div><\/div><\/div><\/div><div id=\"contact\" class=\"fusion-container-anchor\"><div class=\"fusion-fullwidth fullwidth-box fusion-builder-row-2 nonhundred-percent-fullwidth non-hundred-percent-height-scrolling\" style=\"--awb-border-radius-top-left:0px;--awb-border-radius-top-right:0px;--awb-border-radius-bottom-right:0px;--awb-border-radius-bottom-left:0px;--awb-padding-top:50px;--awb-padding-right:16px;--awb-padding-bottom:50px;--awb-padding-left:16px;--awb-margin-top:50px;--awb-background-color:#f9f9f9;--awb-flex-wrap:wrap;\" ><div class=\"fusion-builder-row fusion-row\"><div class=\"fusion-layout-column fusion_builder_column fusion-builder-column-1 fusion_builder_column_1_1 1_1 fusion-one-full fusion-column-first fusion-column-last\" style=\"--awb-padding-right:50px;--awb-padding-left:50px;--awb-bg-size:cover;\"><div class=\"fusion-column-wrapper fusion-column-has-shadow fusion-flex-column-wrapper-legacy\"><div class=\"fusion-title title fusion-title-2 fusion-sep-none fusion-title-center fusion-title-text fusion-title-size-two\" style=\"--awb-text-color:#036aab;--awb-margin-top-small:0px;--awb-margin-right-small:0px;--awb-margin-bottom-small:20px;--awb-margin-left-small:0px;\"><h2 class=\"fusion-title-heading title-heading-center\" style=\"margin:0;\"><p style=\"text-align: center\">CONTACTEZ-NOUS !<\/p><\/h2><\/div><div class=\"fusion-sep-clear\"><\/div><div class=\"fusion-separator\" style=\"margin-left: auto;margin-right: auto;margin-top:15px;margin-bottom:25px;width:100%;max-width:50px;\"><div class=\"fusion-separator-border sep-single sep-dotted\" style=\"--awb-height:20px;--awb-amount:20px;border-color:#036aab;border-top-width:7px;\"><\/div><\/div><div class=\"fusion-sep-clear\"><\/div><div class=\"fusion-text fusion-text-2\"><p> hbspt.forms.create();<\/p>\n<\/div><div class=\"fusion-clearfix\"><\/div><\/div><\/div><\/div><\/div><\/div><\/p>\n","protected":false},"excerpt":{"rendered":"","protected":false},"author":2,"featured_media":0,"parent":1129,"menu_order":0,"comment_status":"closed","ping_status":"closed","template":"100-width.php","meta":{"footnotes":""},"class_list":["post-1068","page","type-page","status-publish","hentry"],"yoast_head":"<!-- This site is optimized with the Yoast SEO plugin v27.4 - https:\/\/yoast.com\/product\/yoast-seo-wordpress\/ -->\n<title>Douleurs cervicales\/Syndrome cervical - SpineMED\u00ae<\/title>\n<meta name=\"robots\" content=\"index, follow, max-snippet:-1, max-image-preview:large, max-video-preview:-1\" \/>\n<link rel=\"canonical\" href=\"https:\/\/spine-med.de\/fr\/domaines-dapplication\/douleurs-cervicales-syndrome-cervical\/\" \/>\n<meta property=\"og:locale\" content=\"fr_FR\" \/>\n<meta property=\"og:type\" content=\"article\" \/>\n<meta property=\"og:title\" content=\"Douleurs cervicales\/Syndrome cervical - SpineMED\u00ae\" \/>\n<meta property=\"og:url\" content=\"https:\/\/spine-med.de\/fr\/domaines-dapplication\/douleurs-cervicales-syndrome-cervical\/\" \/>\n<meta property=\"og:site_name\" content=\"SpineMED\u00ae\" \/>\n<meta property=\"article:modified_time\" content=\"2025-12-03T13:14:43+00:00\" \/>\n<meta name=\"twitter:card\" content=\"summary_large_image\" \/>\n<meta name=\"twitter:label1\" content=\"Dur\u00e9e de lecture estim\u00e9e\" \/>\n\t<meta name=\"twitter:data1\" content=\"7 minutes\" \/>\n<script type=\"application\/ld+json\" class=\"yoast-schema-graph\">{\"@context\":\"https:\\\/\\\/schema.org\",\"@graph\":[{\"@type\":\"WebPage\",\"@id\":\"https:\\\/\\\/spine-med.de\\\/fr\\\/domaines-dapplication\\\/douleurs-cervicales-syndrome-cervical\\\/\",\"url\":\"https:\\\/\\\/spine-med.de\\\/fr\\\/domaines-dapplication\\\/douleurs-cervicales-syndrome-cervical\\\/\",\"name\":\"Douleurs cervicales\\\/Syndrome cervical - SpineMED\u00ae\",\"isPartOf\":{\"@id\":\"https:\\\/\\\/spine-med.de\\\/fr\\\/#website\"},\"datePublished\":\"2019-06-24T13:47:52+00:00\",\"dateModified\":\"2025-12-03T13:14:43+00:00\",\"breadcrumb\":{\"@id\":\"https:\\\/\\\/spine-med.de\\\/fr\\\/domaines-dapplication\\\/douleurs-cervicales-syndrome-cervical\\\/#breadcrumb\"},\"inLanguage\":\"fr-FR\",\"potentialAction\":[{\"@type\":\"ReadAction\",\"target\":[\"https:\\\/\\\/spine-med.de\\\/fr\\\/domaines-dapplication\\\/douleurs-cervicales-syndrome-cervical\\\/\"]}]},{\"@type\":\"BreadcrumbList\",\"@id\":\"https:\\\/\\\/spine-med.de\\\/fr\\\/domaines-dapplication\\\/douleurs-cervicales-syndrome-cervical\\\/#breadcrumb\",\"itemListElement\":[{\"@type\":\"ListItem\",\"position\":1,\"name\":\"Startseite\",\"item\":\"https:\\\/\\\/spine-med.de\\\/fr\\\/accueil\\\/\"},{\"@type\":\"ListItem\",\"position\":2,\"name\":\"Domaines d&rsquo;application\",\"item\":\"https:\\\/\\\/spine-med.de\\\/fr\\\/domaines-dapplication\\\/\"},{\"@type\":\"ListItem\",\"position\":3,\"name\":\"Douleurs cervicales\\\/Syndrome cervical\"}]},{\"@type\":\"WebSite\",\"@id\":\"https:\\\/\\\/spine-med.de\\\/fr\\\/#website\",\"url\":\"https:\\\/\\\/spine-med.de\\\/fr\\\/\",\"name\":\"SpineMED\u00ae\",\"description\":\"decompression system\",\"potentialAction\":[{\"@type\":\"SearchAction\",\"target\":{\"@type\":\"EntryPoint\",\"urlTemplate\":\"https:\\\/\\\/spine-med.de\\\/fr\\\/?s={search_term_string}\"},\"query-input\":{\"@type\":\"PropertyValueSpecification\",\"valueRequired\":true,\"valueName\":\"search_term_string\"}}],\"inLanguage\":\"fr-FR\"}]}<\/script>\n<!-- \/ Yoast SEO plugin. -->","yoast_head_json":{"title":"Douleurs cervicales\/Syndrome cervical - SpineMED\u00ae","robots":{"index":"index","follow":"follow","max-snippet":"max-snippet:-1","max-image-preview":"max-image-preview:large","max-video-preview":"max-video-preview:-1"},"canonical":"https:\/\/spine-med.de\/fr\/domaines-dapplication\/douleurs-cervicales-syndrome-cervical\/","og_locale":"fr_FR","og_type":"article","og_title":"Douleurs cervicales\/Syndrome cervical - SpineMED\u00ae","og_url":"https:\/\/spine-med.de\/fr\/domaines-dapplication\/douleurs-cervicales-syndrome-cervical\/","og_site_name":"SpineMED\u00ae","article_modified_time":"2025-12-03T13:14:43+00:00","twitter_card":"summary_large_image","twitter_misc":{"Dur\u00e9e de lecture estim\u00e9e":"7 minutes"},"schema":{"@context":"https:\/\/schema.org","@graph":[{"@type":"WebPage","@id":"https:\/\/spine-med.de\/fr\/domaines-dapplication\/douleurs-cervicales-syndrome-cervical\/","url":"https:\/\/spine-med.de\/fr\/domaines-dapplication\/douleurs-cervicales-syndrome-cervical\/","name":"Douleurs cervicales\/Syndrome cervical - SpineMED\u00ae","isPartOf":{"@id":"https:\/\/spine-med.de\/fr\/#website"},"datePublished":"2019-06-24T13:47:52+00:00","dateModified":"2025-12-03T13:14:43+00:00","breadcrumb":{"@id":"https:\/\/spine-med.de\/fr\/domaines-dapplication\/douleurs-cervicales-syndrome-cervical\/#breadcrumb"},"inLanguage":"fr-FR","potentialAction":[{"@type":"ReadAction","target":["https:\/\/spine-med.de\/fr\/domaines-dapplication\/douleurs-cervicales-syndrome-cervical\/"]}]},{"@type":"BreadcrumbList","@id":"https:\/\/spine-med.de\/fr\/domaines-dapplication\/douleurs-cervicales-syndrome-cervical\/#breadcrumb","itemListElement":[{"@type":"ListItem","position":1,"name":"Startseite","item":"https:\/\/spine-med.de\/fr\/accueil\/"},{"@type":"ListItem","position":2,"name":"Domaines d&rsquo;application","item":"https:\/\/spine-med.de\/fr\/domaines-dapplication\/"},{"@type":"ListItem","position":3,"name":"Douleurs cervicales\/Syndrome cervical"}]},{"@type":"WebSite","@id":"https:\/\/spine-med.de\/fr\/#website","url":"https:\/\/spine-med.de\/fr\/","name":"SpineMED\u00ae","description":"decompression system","potentialAction":[{"@type":"SearchAction","target":{"@type":"EntryPoint","urlTemplate":"https:\/\/spine-med.de\/fr\/?s={search_term_string}"},"query-input":{"@type":"PropertyValueSpecification","valueRequired":true,"valueName":"search_term_string"}}],"inLanguage":"fr-FR"}]}},"_links":{"self":[{"href":"https:\/\/spine-med.de\/fr\/wp-json\/wp\/v2\/pages\/1068","targetHints":{"allow":["GET"]}}],"collection":[{"href":"https:\/\/spine-med.de\/fr\/wp-json\/wp\/v2\/pages"}],"about":[{"href":"https:\/\/spine-med.de\/fr\/wp-json\/wp\/v2\/types\/page"}],"author":[{"embeddable":true,"href":"https:\/\/spine-med.de\/fr\/wp-json\/wp\/v2\/users\/2"}],"replies":[{"embeddable":true,"href":"https:\/\/spine-med.de\/fr\/wp-json\/wp\/v2\/comments?post=1068"}],"version-history":[{"count":3,"href":"https:\/\/spine-med.de\/fr\/wp-json\/wp\/v2\/pages\/1068\/revisions"}],"predecessor-version":[{"id":1144,"href":"https:\/\/spine-med.de\/fr\/wp-json\/wp\/v2\/pages\/1068\/revisions\/1144"}],"up":[{"embeddable":true,"href":"https:\/\/spine-med.de\/fr\/wp-json\/wp\/v2\/pages\/1129"}],"wp:attachment":[{"href":"https:\/\/spine-med.de\/fr\/wp-json\/wp\/v2\/media?parent=1068"}],"curies":[{"name":"wp","href":"https:\/\/api.w.org\/{rel}","templated":true}]}}