{"id":1045,"date":"2019-06-24T07:51:19","date_gmt":"2019-06-24T07:51:19","guid":{"rendered":"https:\/\/spine-med.de\/mal-de-dos-une-affection-courante\/"},"modified":"2025-12-03T16:56:33","modified_gmt":"2025-12-03T16:56:33","slug":"mal-de-dos-une-affection-courante","status":"publish","type":"page","link":"https:\/\/spine-med.de\/fr\/mal-de-dos-une-affection-courante\/","title":{"rendered":"Mal de dos, une maladie tr\u00e8s r\u00e9pandue"},"content":{"rendered":"<p><div class=\"fusion-fullwidth fullwidth-box fusion-builder-row-1 nonhundred-percent-fullwidth non-hundred-percent-height-scrolling\" style=\"--awb-border-radius-top-left:0px;--awb-border-radius-top-right:0px;--awb-border-radius-bottom-right:0px;--awb-border-radius-bottom-left:0px;--awb-margin-top:60px;--awb-flex-wrap:wrap;\" ><div class=\"fusion-builder-row fusion-row\"><div class=\"fusion-layout-column fusion_builder_column fusion-builder-column-0 fusion_builder_column_1_1 1_1 fusion-one-full fusion-column-first fusion-column-last\" style=\"--awb-bg-size:cover;\"><div class=\"fusion-column-wrapper fusion-column-has-shadow fusion-flex-column-wrapper-legacy\"><div class=\"fusion-title title fusion-title-1 fusion-sep-none fusion-title-center fusion-title-text fusion-title-size-two\" style=\"--awb-margin-top-small:0px;--awb-margin-right-small:0px;--awb-margin-bottom-small:20px;--awb-margin-left-small:0px;\"><h2 class=\"fusion-title-heading title-heading-center\" style=\"margin:0;\"><p style=\"text-align: center;\">Statistiquement, <span style=\"color: #036aab;\">27 \u00e0 40 %<br \/>\n<\/span> des Allemands souffrent en permanence de <span style=\"color: #036aab;\">maux de dos<\/span>.<\/p><\/h2><\/div><div class=\"fusion-sep-clear\"><\/div><div class=\"fusion-separator\" style=\"margin-left: auto;margin-right: auto;margin-top:15px;margin-bottom:25px;width:100%;max-width:50px;\"><div class=\"fusion-separator-border sep-single sep-dotted\" style=\"--awb-height:20px;--awb-amount:20px;border-color:#036aab;border-top-width:7px;\"><\/div><\/div><div class=\"fusion-sep-clear\"><\/div><div class=\"fusion-text fusion-text-1\"><p>Les douleurs dorsales et cervicales sont un probl\u00e8me tr\u00e8s r\u00e9pandu. En Allemagne, 80 % de la population se plaint de maux de dos au moins une fois dans sa vie. Statistiquement, 27 \u00e0 40 % des Allemands souffrent en permanence de maux de dos. La <g id=\"gid_0\">hernie discale<\/g>, qui \u00e9tait jusqu&rsquo;\u00e0 pr\u00e9sent tr\u00e8s souvent trait\u00e9e par chirurgie, est redout\u00e9e \u00e0 juste titre. La lombalgie aigu\u00eb, commun\u00e9ment appel\u00e9e <a href=\"http:\/\/www.spine-med.de\/anwendungsfelder\/hexenschuss\/\">tour de reins<\/a>, ou la sciatalgie, \u00e9galement connue sous le nom de <a href=\"https:\/\/spine-med.de\/fr\/domaines-dapplication\/sciatique-sciatalgie\/\">sciatique<\/a>, une douleur qui irradie dans la jambe, sont \u00e9galement tr\u00e8s r\u00e9pandues.    <\/p>\n<p>Les maux de dos sont tr\u00e8s r\u00e9pandus dans la population actuelle. Un patient sur deux chez l&rsquo;orthop\u00e9diste les cite comme motif de consultation. Les maux de dos d\u00e9signent g\u00e9n\u00e9ralement des douleurs dans la partie inf\u00e9rieure du dos, au niveau des vert\u00e8bres lombaires. Les causes des maux de dos sont multiples. Ils sont dus au manque d&rsquo;exercice, \u00e0 une musculature insuffisamment entra\u00een\u00e9e, \u00e0 des sollicitations unilat\u00e9rales comme dans les professions s\u00e9dentaires, mais aussi \u00e0 une pr\u00e9disposition g\u00e9n\u00e9tique et \u00e0 des facteurs psychiques comme le stress et la tension professionnelle.    <\/p>\n<p>De plus, dans les cas aigus, un probl\u00e8me de disque intervert\u00e9bral peut \u00eatre \u00e0 l&rsquo;origine des troubles. Les manifestations peuvent \u00eatre diff\u00e9rentes. Une douleur chronique dure plus de trois mois. Les maux de dos peuvent appara\u00eetre de mani\u00e8re aigu\u00eb et soudaine ou s&rsquo;intensifier progressivement.   <\/p>\n<p>Pour pr\u00e9venir les maux de dos, il convient d&rsquo;\u00e9laborer un programme actif et cibl\u00e9 de d\u00e9veloppement musculaire et de ma\u00eetriser les situations quotidiennes sollicitant le dos, comme le fait de soulever une charge lourde, de mani\u00e8re \u00e0 m\u00e9nager le dos. Les autres termes sont lumbago, tour de reins, sciatique, probl\u00e8mes de disque intervert\u00e9bral ou \u00ab en avoir plein le dos \u00bb. <\/p>\n<p>Le traitement des maux de dos doit \u00eatre adapt\u00e9 individuellement en fonction du tableau clinique. Une intervention chirurgicale ne devrait intervenir qu&rsquo;en dernier recours, car la plupart des maux de dos peuvent tr\u00e8s bien \u00eatre trait\u00e9s de mani\u00e8re conservatrice, c&rsquo;est-\u00e0-dire sans op\u00e9ration. <\/p>\n<p>Le traitement SpineMED\u00ae repr\u00e9sente une tr\u00e8s bonne possibilit\u00e9 et se situe dans le domaine de la m\u00e9decine r\u00e9g\u00e9n\u00e9rative. Avant de commencer la th\u00e9rapie SpineMED\u00ae, il convient toutefois de diagnostiquer la cause exacte des douleurs.<\/p>\n<\/div><div class=\"fusion-sep-clear\"><\/div><div class=\"fusion-separator fusion-full-width-sep\" style=\"margin-left: auto;margin-right: auto;margin-top:20px;width:100%;\"><\/div><div class=\"fusion-sep-clear\"><\/div><div class=\"fusion-text fusion-text-2\"><p>La colonne vert\u00e9brale doit remplir diff\u00e9rentes fonctions m\u00e9caniques. D&rsquo;une part, elle doit poss\u00e9der une stabilit\u00e9 suffisante pour garantir une posture droite \u2013 d&rsquo;autre part, elle doit \u00e9galement faire preuve d&rsquo;une flexibilit\u00e9 suffisante pour pouvoir bouger suffisamment (comme se pencher et se tourner). Ces conditions sont tr\u00e8s exigeantes sur le plan m\u00e9canique et augmentent ainsi la vuln\u00e9rabilit\u00e9 de la colonne vert\u00e9brale.  <\/p>\n<p>La colonne vert\u00e9brale est constitu\u00e9e de 24 corps vert\u00e9braux, de la colonne cervicale \u00e0 la colonne lombaire, qui sont maintenus ensemble par des articulations, des ligaments, des muscles et des fascias. Entre chaque corps vert\u00e9bral se trouve le disque intervert\u00e9bral, qui fait office de tampon et absorbe la pression m\u00e9canique le long de la colonne vert\u00e9brale. <\/p>\n<p>Le disque intervert\u00e9bral lui-m\u00eame est constitu\u00e9 d&rsquo;un noyau g\u00e9latineux, appel\u00e9 nucleus, qui est entour\u00e9 de plusieurs couches de tissu conjonctif fibreux, appel\u00e9 annulus. Le disque intervert\u00e9bral ne poss\u00e8de pas sa propre vascularisation et l&rsquo;apport de liquide, de nutriments et d&rsquo;oxyg\u00e8ne repose sur le processus de diffusion \u00e0 partir des corps vert\u00e9braux adjacents. Ce processus d\u00e9pend en grande partie de la diff\u00e9rence de pression entre l&rsquo;int\u00e9rieur du disque intervert\u00e9bral et le corps vert\u00e9bral adjacent, respectivement ses vaisseaux sanguins d&rsquo;alimentation.  <\/p>\n<p>C&rsquo;est \u00e9galement la raison pour laquelle la r\u00e9g\u00e9n\u00e9ration des disques intervert\u00e9braux (comme l&rsquo;alimentation et l&rsquo;approvisionnement) a lieu principalement en position couch\u00e9e et au repos, c&rsquo;est-\u00e0-dire lorsque la pression sur les disques intervert\u00e9braux (pression intradiscale) est faible. En principe, ce processus de r\u00e9g\u00e9n\u00e9ration est tr\u00e8s limit\u00e9 et, avec l&rsquo;\u00e2ge, il est tr\u00e8s fr\u00e9quent que l&rsquo;usure et les signes d&rsquo;usure apparaissent, entra\u00eenant des douleurs et des troubles. <\/p>\n<p>Notre colonne vert\u00e9brale est fortement sollicit\u00e9e chaque jour par une position assise trop longue, des sollicitations unilat\u00e9rales, ainsi que par le fait de se pencher et de soulever des charges. Des surcharges r\u00e9p\u00e9t\u00e9es, respectivement des sollicitations unilat\u00e9rales, peuvent endommager l&rsquo;anneau fibreux du disque intervert\u00e9bral (annulus). En cas de pression intradiscale \u00e9lev\u00e9e, voire croissante, cela peut entra\u00eener un bombement du mat\u00e9riau du disque intervert\u00e9bral (protrusion discale) et, en cas de l\u00e9sions plus importantes de l&rsquo;anneau fibreux, m\u00eame une perforation du disque intervert\u00e9bral, entra\u00eenant une sortie de la masse g\u00e9latineuse (hernie discale ou Hernia Nucleus Pulposus). Ceci peut \u00e0 son tour entra\u00eener un pincement du nerf spinal, de la racine nerveuse et\/ou d&rsquo;autres structures sensibles, ce qui peut provoquer de fortes douleurs, des troubles de la sensibilit\u00e9 (par exemple, des picotements, un engourdissement) et \u00e9ventuellement m\u00eame des troubles moteurs (par exemple, une perte de force).<\/p>\n<\/div><div class=\"fusion-aligncenter\"><a class=\"fusion-button button-3d fusion-button-default-size button-default fusion-button-default button-1 fusion-button-default-span fusion-button-default-type\" target=\"_self\" href=\"https:\/\/spine-med.de\/fr\/domaines-dapplication\/\"><span class=\"fusion-button-text awb-button__text awb-button__text--default\">Domaines d&rsquo;application<\/span><\/a><\/div><div class=\"fusion-clearfix\"><\/div><\/div><\/div><\/div><\/div><div id=\"contact\" class=\"fusion-container-anchor\"><div class=\"fusion-fullwidth fullwidth-box fusion-builder-row-2 nonhundred-percent-fullwidth non-hundred-percent-height-scrolling\" style=\"--awb-border-radius-top-left:0px;--awb-border-radius-top-right:0px;--awb-border-radius-bottom-right:0px;--awb-border-radius-bottom-left:0px;--awb-padding-top:50px;--awb-padding-right:16px;--awb-padding-bottom:50px;--awb-padding-left:16px;--awb-margin-top:50px;--awb-background-color:#f9f9f9;--awb-flex-wrap:wrap;\" ><div class=\"fusion-builder-row fusion-row\"><div class=\"fusion-layout-column fusion_builder_column fusion-builder-column-1 fusion_builder_column_1_1 1_1 fusion-one-full fusion-column-first fusion-column-last\" style=\"--awb-padding-right:50px;--awb-padding-left:50px;--awb-bg-size:cover;\"><div class=\"fusion-column-wrapper fusion-column-has-shadow fusion-flex-column-wrapper-legacy\"><div class=\"fusion-title title fusion-title-2 fusion-sep-none fusion-title-center fusion-title-text fusion-title-size-two\" style=\"--awb-text-color:#036aab;--awb-margin-top-small:0px;--awb-margin-right-small:0px;--awb-margin-bottom-small:20px;--awb-margin-left-small:0px;\"><h2 class=\"fusion-title-heading title-heading-center\" style=\"margin:0;\"><p style=\"text-align: center;\">CONTACTEZ-NOUS !<\/p><\/h2><\/div><div class=\"fusion-sep-clear\"><\/div><div class=\"fusion-separator\" style=\"margin-left: auto;margin-right: auto;margin-top:15px;margin-bottom:25px;width:100%;max-width:50px;\"><div class=\"fusion-separator-border sep-single sep-dotted\" style=\"--awb-height:20px;--awb-amount:20px;border-color:#036aab;border-top-width:7px;\"><\/div><\/div><div class=\"fusion-sep-clear\"><\/div><div class=\"fusion-text fusion-text-3\"><p><script charset=\"utf-8\" type=\"text\/javascript\" src=\"\/\/js.hsforms.net\/forms\/shell.js\"><\/script><script> hbspt.forms.create({ region: \"na1\", portalId: \"19511315\", formId: \"c8cdc656-b47f-41ff-94d0-699b8c1e24f0\"});<\/script><\/p>\n<\/div><div class=\"fusion-clearfix\"><\/div><\/div><\/div><\/div><\/div><\/div><\/p>\n","protected":false},"excerpt":{"rendered":"","protected":false},"author":2,"featured_media":0,"parent":0,"menu_order":0,"comment_status":"closed","ping_status":"closed","template":"100-width.php","meta":{"footnotes":""},"class_list":["post-1045","page","type-page","status-publish","hentry"],"yoast_head":"<!-- This site is optimized with the Yoast SEO plugin v27.3 - https:\/\/yoast.com\/product\/yoast-seo-wordpress\/ -->\n<title>Mal de dos, une maladie tr\u00e8s r\u00e9pandue - SpineMED\u00ae<\/title>\n<meta name=\"robots\" content=\"index, follow, max-snippet:-1, max-image-preview:large, max-video-preview:-1\" \/>\n<link rel=\"canonical\" href=\"https:\/\/spine-med.de\/fr\/mal-de-dos-une-affection-courante\/\" \/>\n<meta property=\"og:locale\" content=\"fr_FR\" \/>\n<meta property=\"og:type\" content=\"article\" \/>\n<meta property=\"og:title\" content=\"Mal de dos, une maladie tr\u00e8s r\u00e9pandue - SpineMED\u00ae\" \/>\n<meta property=\"og:url\" content=\"https:\/\/spine-med.de\/fr\/mal-de-dos-une-affection-courante\/\" \/>\n<meta property=\"og:site_name\" content=\"SpineMED\u00ae\" \/>\n<meta property=\"article:modified_time\" content=\"2025-12-03T16:56:33+00:00\" \/>\n<meta name=\"twitter:card\" content=\"summary_large_image\" \/>\n<meta name=\"twitter:label1\" content=\"Dur\u00e9e de lecture estim\u00e9e\" \/>\n\t<meta name=\"twitter:data1\" content=\"10 minutes\" \/>\n<script type=\"application\/ld+json\" class=\"yoast-schema-graph\">{\"@context\":\"https:\\\/\\\/schema.org\",\"@graph\":[{\"@type\":\"WebPage\",\"@id\":\"https:\\\/\\\/spine-med.de\\\/fr\\\/mal-de-dos-une-affection-courante\\\/\",\"url\":\"https:\\\/\\\/spine-med.de\\\/fr\\\/mal-de-dos-une-affection-courante\\\/\",\"name\":\"Mal de dos, une maladie tr\u00e8s r\u00e9pandue - SpineMED\u00ae\",\"isPartOf\":{\"@id\":\"https:\\\/\\\/spine-med.de\\\/fr\\\/#website\"},\"datePublished\":\"2019-06-24T07:51:19+00:00\",\"dateModified\":\"2025-12-03T16:56:33+00:00\",\"breadcrumb\":{\"@id\":\"https:\\\/\\\/spine-med.de\\\/fr\\\/mal-de-dos-une-affection-courante\\\/#breadcrumb\"},\"inLanguage\":\"fr-FR\",\"potentialAction\":[{\"@type\":\"ReadAction\",\"target\":[\"https:\\\/\\\/spine-med.de\\\/fr\\\/mal-de-dos-une-affection-courante\\\/\"]}]},{\"@type\":\"BreadcrumbList\",\"@id\":\"https:\\\/\\\/spine-med.de\\\/fr\\\/mal-de-dos-une-affection-courante\\\/#breadcrumb\",\"itemListElement\":[{\"@type\":\"ListItem\",\"position\":1,\"name\":\"Startseite\",\"item\":\"https:\\\/\\\/spine-med.de\\\/fr\\\/accueil\\\/\"},{\"@type\":\"ListItem\",\"position\":2,\"name\":\"Mal de dos, une maladie tr\u00e8s r\u00e9pandue\"}]},{\"@type\":\"WebSite\",\"@id\":\"https:\\\/\\\/spine-med.de\\\/fr\\\/#website\",\"url\":\"https:\\\/\\\/spine-med.de\\\/fr\\\/\",\"name\":\"SpineMED\u00ae\",\"description\":\"decompression system\",\"potentialAction\":[{\"@type\":\"SearchAction\",\"target\":{\"@type\":\"EntryPoint\",\"urlTemplate\":\"https:\\\/\\\/spine-med.de\\\/fr\\\/?s={search_term_string}\"},\"query-input\":{\"@type\":\"PropertyValueSpecification\",\"valueRequired\":true,\"valueName\":\"search_term_string\"}}],\"inLanguage\":\"fr-FR\"}]}<\/script>\n<!-- \/ Yoast SEO plugin. -->","yoast_head_json":{"title":"Mal de dos, une maladie tr\u00e8s r\u00e9pandue - SpineMED\u00ae","robots":{"index":"index","follow":"follow","max-snippet":"max-snippet:-1","max-image-preview":"max-image-preview:large","max-video-preview":"max-video-preview:-1"},"canonical":"https:\/\/spine-med.de\/fr\/mal-de-dos-une-affection-courante\/","og_locale":"fr_FR","og_type":"article","og_title":"Mal de dos, une maladie tr\u00e8s r\u00e9pandue - SpineMED\u00ae","og_url":"https:\/\/spine-med.de\/fr\/mal-de-dos-une-affection-courante\/","og_site_name":"SpineMED\u00ae","article_modified_time":"2025-12-03T16:56:33+00:00","twitter_card":"summary_large_image","twitter_misc":{"Dur\u00e9e de lecture estim\u00e9e":"10 minutes"},"schema":{"@context":"https:\/\/schema.org","@graph":[{"@type":"WebPage","@id":"https:\/\/spine-med.de\/fr\/mal-de-dos-une-affection-courante\/","url":"https:\/\/spine-med.de\/fr\/mal-de-dos-une-affection-courante\/","name":"Mal de dos, une maladie tr\u00e8s r\u00e9pandue - SpineMED\u00ae","isPartOf":{"@id":"https:\/\/spine-med.de\/fr\/#website"},"datePublished":"2019-06-24T07:51:19+00:00","dateModified":"2025-12-03T16:56:33+00:00","breadcrumb":{"@id":"https:\/\/spine-med.de\/fr\/mal-de-dos-une-affection-courante\/#breadcrumb"},"inLanguage":"fr-FR","potentialAction":[{"@type":"ReadAction","target":["https:\/\/spine-med.de\/fr\/mal-de-dos-une-affection-courante\/"]}]},{"@type":"BreadcrumbList","@id":"https:\/\/spine-med.de\/fr\/mal-de-dos-une-affection-courante\/#breadcrumb","itemListElement":[{"@type":"ListItem","position":1,"name":"Startseite","item":"https:\/\/spine-med.de\/fr\/accueil\/"},{"@type":"ListItem","position":2,"name":"Mal de dos, une maladie tr\u00e8s r\u00e9pandue"}]},{"@type":"WebSite","@id":"https:\/\/spine-med.de\/fr\/#website","url":"https:\/\/spine-med.de\/fr\/","name":"SpineMED\u00ae","description":"decompression system","potentialAction":[{"@type":"SearchAction","target":{"@type":"EntryPoint","urlTemplate":"https:\/\/spine-med.de\/fr\/?s={search_term_string}"},"query-input":{"@type":"PropertyValueSpecification","valueRequired":true,"valueName":"search_term_string"}}],"inLanguage":"fr-FR"}]}},"_links":{"self":[{"href":"https:\/\/spine-med.de\/fr\/wp-json\/wp\/v2\/pages\/1045","targetHints":{"allow":["GET"]}}],"collection":[{"href":"https:\/\/spine-med.de\/fr\/wp-json\/wp\/v2\/pages"}],"about":[{"href":"https:\/\/spine-med.de\/fr\/wp-json\/wp\/v2\/types\/page"}],"author":[{"embeddable":true,"href":"https:\/\/spine-med.de\/fr\/wp-json\/wp\/v2\/users\/2"}],"replies":[{"embeddable":true,"href":"https:\/\/spine-med.de\/fr\/wp-json\/wp\/v2\/comments?post=1045"}],"version-history":[{"count":7,"href":"https:\/\/spine-med.de\/fr\/wp-json\/wp\/v2\/pages\/1045\/revisions"}],"predecessor-version":[{"id":1260,"href":"https:\/\/spine-med.de\/fr\/wp-json\/wp\/v2\/pages\/1045\/revisions\/1260"}],"wp:attachment":[{"href":"https:\/\/spine-med.de\/fr\/wp-json\/wp\/v2\/media?parent=1045"}],"curies":[{"name":"wp","href":"https:\/\/api.w.org\/{rel}","templated":true}]}}