{"id":1027,"date":"2019-06-24T13:28:16","date_gmt":"2019-06-24T13:28:16","guid":{"rendered":"https:\/\/spine-med.de\/aspects-de-gestion-dentreprise\/"},"modified":"2025-12-03T13:13:16","modified_gmt":"2025-12-03T13:13:16","slug":"aspects-de-gestion-dentreprise","status":"publish","type":"page","link":"https:\/\/spine-med.de\/fr\/aspects-de-gestion-dentreprise\/","title":{"rendered":"Aspects de gestion d&rsquo;entreprise"},"content":{"rendered":"<p><div class=\"fusion-fullwidth fullwidth-box fusion-builder-row-1 nonhundred-percent-fullwidth non-hundred-percent-height-scrolling\" style=\"--awb-border-radius-top-left:0px;--awb-border-radius-top-right:0px;--awb-border-radius-bottom-right:0px;--awb-border-radius-bottom-left:0px;--awb-margin-top:60px;--awb-flex-wrap:wrap;\" ><div class=\"fusion-builder-row fusion-row\"><div class=\"fusion-layout-column fusion_builder_column fusion-builder-column-0 fusion_builder_column_1_1 1_1 fusion-one-full fusion-column-first fusion-column-last\" style=\"--awb-bg-size:cover;\"><div class=\"fusion-column-wrapper fusion-column-has-shadow fusion-flex-column-wrapper-legacy\"><div class=\"fusion-title title fusion-title-1 fusion-sep-none fusion-title-center fusion-title-text fusion-title-size-two\" style=\"--awb-margin-top-small:0px;--awb-margin-right-small:0px;--awb-margin-bottom-small:20px;--awb-margin-left-small:0px;\"><h2 class=\"fusion-title-heading title-heading-center\" style=\"margin:0;\"><p style=\"text-align: center;\">GESTION D&rsquo;ENTREPRISE \/ \u00c9TUDES<\/p><\/h2><\/div><div class=\"fusion-sep-clear\"><\/div><div class=\"fusion-separator\" style=\"margin-left: auto;margin-right: auto;margin-top:15px;margin-bottom:35px;width:100%;max-width:50px;\"><div class=\"fusion-separator-border sep-single sep-dotted\" style=\"--awb-height:20px;--awb-amount:20px;border-color:#036aab;border-top-width:7px;\"><\/div><\/div><div class=\"fusion-sep-clear\"><\/div><div class=\"fusion-text fusion-text-1\"><p>En tant que m\u00e9decin ou utilisateur, vous trouverez ici des informations compl\u00e9mentaires sur les aspects de gestion d&rsquo;entreprise de la m\u00e9thode SpineMED\u00ae. De plus, vous acc\u00e9derez \u00e0 l&rsquo;espace de t\u00e9l\u00e9chargement o\u00f9 des livres blancs et des \u00e9tudes int\u00e9ressants sont disponibles au t\u00e9l\u00e9chargement.<x id=\"gid_0\"><\/x>Veuillez remplir le formulaire de contact \u00e0 cet effet. Vous serez ensuite redirig\u00e9 vers l&rsquo;espace de t\u00e9l\u00e9chargement.<\/p>\n<\/div><div class=\"fusion-clearfix\"><\/div><\/div><\/div><\/div><\/div><div class=\"fusion-fullwidth fullwidth-box fusion-builder-row-2 nonhundred-percent-fullwidth non-hundred-percent-height-scrolling\" style=\"--awb-border-radius-top-left:0px;--awb-border-radius-top-right:0px;--awb-border-radius-bottom-right:0px;--awb-border-radius-bottom-left:0px;--awb-margin-top:60px;--awb-flex-wrap:wrap;\" ><div class=\"fusion-builder-row fusion-row\"><div class=\"fusion-layout-column fusion_builder_column fusion-builder-column-1 fusion_builder_column_1_1 1_1 fusion-one-full fusion-column-first fusion-column-last\" style=\"--awb-bg-size:cover;\"><div class=\"fusion-column-wrapper fusion-column-has-shadow fusion-flex-column-wrapper-legacy\"><div class=\"fusion-title title fusion-title-2 fusion-sep-none fusion-title-center fusion-title-text fusion-title-size-two\" style=\"--awb-margin-top-small:0px;--awb-margin-right-small:0px;--awb-margin-bottom-small:20px;--awb-margin-left-small:0px;\"><h2 class=\"fusion-title-heading title-heading-center\" style=\"margin:0;\">FINANCEMENT<\/h2><\/div><div class=\"fusion-sep-clear\"><\/div><div class=\"fusion-separator\" style=\"margin-left: auto;margin-right: auto;margin-top:15px;margin-bottom:35px;width:100%;max-width:50px;\"><div class=\"fusion-separator-border sep-single sep-dotted\" style=\"--awb-height:20px;--awb-amount:20px;border-color:#036aab;border-top-width:7px;\"><\/div><\/div><div class=\"fusion-sep-clear\"><\/div><div class=\"fusion-text fusion-text-2\"><p>Nous sommes heureux de vous proposer des financements sur mesure, tels que l&rsquo;achat ou le leasing.<\/p>\n<\/div><div class=\"fusion-clearfix\"><\/div><\/div><\/div><\/div><\/div><div id=\"contact\" class=\"fusion-container-anchor\"><div class=\"fusion-fullwidth fullwidth-box fusion-builder-row-3 nonhundred-percent-fullwidth non-hundred-percent-height-scrolling\" style=\"--awb-border-radius-top-left:0px;--awb-border-radius-top-right:0px;--awb-border-radius-bottom-right:0px;--awb-border-radius-bottom-left:0px;--awb-padding-top:50px;--awb-padding-right:16px;--awb-padding-bottom:50px;--awb-padding-left:16px;--awb-margin-top:50px;--awb-background-color:#f9f9f9;--awb-flex-wrap:wrap;\" ><div class=\"fusion-builder-row fusion-row\"><div class=\"fusion-layout-column fusion_builder_column fusion-builder-column-2 fusion_builder_column_1_1 1_1 fusion-one-full fusion-column-first fusion-column-last\" style=\"--awb-padding-right:50px;--awb-padding-left:50px;--awb-bg-size:cover;\"><div class=\"fusion-column-wrapper fusion-column-has-shadow fusion-flex-column-wrapper-legacy\"><div class=\"fusion-title title fusion-title-3 fusion-sep-none fusion-title-center fusion-title-text fusion-title-size-two\" style=\"--awb-text-color:#036aab;--awb-margin-top-small:0px;--awb-margin-right-small:0px;--awb-margin-bottom-small:20px;--awb-margin-left-small:0px;\"><h2 class=\"fusion-title-heading title-heading-center\" style=\"margin:0;\"><p style=\"text-align: center;\">CONTACTEZ-NOUS !<\/p><\/h2><\/div><div class=\"fusion-sep-clear\"><\/div><div class=\"fusion-separator\" style=\"margin-left: auto;margin-right: auto;margin-top:15px;margin-bottom:25px;width:100%;max-width:50px;\"><div class=\"fusion-separator-border sep-single sep-dotted\" style=\"--awb-height:20px;--awb-amount:20px;border-color:#036aab;border-top-width:7px;\"><\/div><\/div><div class=\"fusion-sep-clear\"><\/div><div class=\"fusion-text fusion-text-3\"><p><script charset=\"utf-8\" type=\"text\/javascript\" src=\"\/\/js.hsforms.net\/forms\/shell.js\"><\/script><script> hbspt.forms.create({ region: \"na1\", portalId: \"19511315\", formId: \"c8cdc656-b47f-41ff-94d0-699b8c1e24f0\"});<\/script><\/p>\n<\/div><div class=\"fusion-clearfix\"><\/div><\/div><\/div><\/div><\/div><\/div><\/p>\n","protected":false},"excerpt":{"rendered":"","protected":false},"author":2,"featured_media":0,"parent":0,"menu_order":0,"comment_status":"closed","ping_status":"closed","template":"100-width.php","meta":{"footnotes":""},"class_list":["post-1027","page","type-page","status-publish","hentry"],"yoast_head":"<!-- This site is optimized with the Yoast SEO plugin v27.4 - https:\/\/yoast.com\/product\/yoast-seo-wordpress\/ -->\n<title>Aspects de gestion d&#039;entreprise - SpineMED\u00ae<\/title>\n<meta name=\"robots\" content=\"index, follow, max-snippet:-1, max-image-preview:large, max-video-preview:-1\" \/>\n<link rel=\"canonical\" href=\"https:\/\/spine-med.de\/fr\/aspects-de-gestion-dentreprise\/\" \/>\n<meta property=\"og:locale\" content=\"fr_FR\" \/>\n<meta property=\"og:type\" content=\"article\" \/>\n<meta property=\"og:title\" content=\"Aspects de gestion d&#039;entreprise - SpineMED\u00ae\" \/>\n<meta property=\"og:url\" content=\"https:\/\/spine-med.de\/fr\/aspects-de-gestion-dentreprise\/\" \/>\n<meta property=\"og:site_name\" content=\"SpineMED\u00ae\" \/>\n<meta property=\"article:modified_time\" content=\"2025-12-03T13:13:16+00:00\" \/>\n<meta name=\"twitter:card\" content=\"summary_large_image\" \/>\n<meta name=\"twitter:label1\" content=\"Dur\u00e9e de lecture estim\u00e9e\" \/>\n\t<meta name=\"twitter:data1\" content=\"7 minutes\" \/>\n<script type=\"application\/ld+json\" class=\"yoast-schema-graph\">{\"@context\":\"https:\\\/\\\/schema.org\",\"@graph\":[{\"@type\":\"WebPage\",\"@id\":\"https:\\\/\\\/spine-med.de\\\/fr\\\/aspects-de-gestion-dentreprise\\\/\",\"url\":\"https:\\\/\\\/spine-med.de\\\/fr\\\/aspects-de-gestion-dentreprise\\\/\",\"name\":\"Aspects de gestion d'entreprise - SpineMED\u00ae\",\"isPartOf\":{\"@id\":\"https:\\\/\\\/spine-med.de\\\/fr\\\/#website\"},\"datePublished\":\"2019-06-24T13:28:16+00:00\",\"dateModified\":\"2025-12-03T13:13:16+00:00\",\"breadcrumb\":{\"@id\":\"https:\\\/\\\/spine-med.de\\\/fr\\\/aspects-de-gestion-dentreprise\\\/#breadcrumb\"},\"inLanguage\":\"fr-FR\",\"potentialAction\":[{\"@type\":\"ReadAction\",\"target\":[\"https:\\\/\\\/spine-med.de\\\/fr\\\/aspects-de-gestion-dentreprise\\\/\"]}]},{\"@type\":\"BreadcrumbList\",\"@id\":\"https:\\\/\\\/spine-med.de\\\/fr\\\/aspects-de-gestion-dentreprise\\\/#breadcrumb\",\"itemListElement\":[{\"@type\":\"ListItem\",\"position\":1,\"name\":\"Startseite\",\"item\":\"https:\\\/\\\/spine-med.de\\\/fr\\\/accueil\\\/\"},{\"@type\":\"ListItem\",\"position\":2,\"name\":\"Aspects de gestion d&rsquo;entreprise\"}]},{\"@type\":\"WebSite\",\"@id\":\"https:\\\/\\\/spine-med.de\\\/fr\\\/#website\",\"url\":\"https:\\\/\\\/spine-med.de\\\/fr\\\/\",\"name\":\"SpineMED\u00ae\",\"description\":\"decompression system\",\"potentialAction\":[{\"@type\":\"SearchAction\",\"target\":{\"@type\":\"EntryPoint\",\"urlTemplate\":\"https:\\\/\\\/spine-med.de\\\/fr\\\/?s={search_term_string}\"},\"query-input\":{\"@type\":\"PropertyValueSpecification\",\"valueRequired\":true,\"valueName\":\"search_term_string\"}}],\"inLanguage\":\"fr-FR\"}]}<\/script>\n<!-- \/ Yoast SEO plugin. -->","yoast_head_json":{"title":"Aspects de gestion d'entreprise - SpineMED\u00ae","robots":{"index":"index","follow":"follow","max-snippet":"max-snippet:-1","max-image-preview":"max-image-preview:large","max-video-preview":"max-video-preview:-1"},"canonical":"https:\/\/spine-med.de\/fr\/aspects-de-gestion-dentreprise\/","og_locale":"fr_FR","og_type":"article","og_title":"Aspects de gestion d'entreprise - SpineMED\u00ae","og_url":"https:\/\/spine-med.de\/fr\/aspects-de-gestion-dentreprise\/","og_site_name":"SpineMED\u00ae","article_modified_time":"2025-12-03T13:13:16+00:00","twitter_card":"summary_large_image","twitter_misc":{"Dur\u00e9e de lecture estim\u00e9e":"7 minutes"},"schema":{"@context":"https:\/\/schema.org","@graph":[{"@type":"WebPage","@id":"https:\/\/spine-med.de\/fr\/aspects-de-gestion-dentreprise\/","url":"https:\/\/spine-med.de\/fr\/aspects-de-gestion-dentreprise\/","name":"Aspects de gestion d'entreprise - SpineMED\u00ae","isPartOf":{"@id":"https:\/\/spine-med.de\/fr\/#website"},"datePublished":"2019-06-24T13:28:16+00:00","dateModified":"2025-12-03T13:13:16+00:00","breadcrumb":{"@id":"https:\/\/spine-med.de\/fr\/aspects-de-gestion-dentreprise\/#breadcrumb"},"inLanguage":"fr-FR","potentialAction":[{"@type":"ReadAction","target":["https:\/\/spine-med.de\/fr\/aspects-de-gestion-dentreprise\/"]}]},{"@type":"BreadcrumbList","@id":"https:\/\/spine-med.de\/fr\/aspects-de-gestion-dentreprise\/#breadcrumb","itemListElement":[{"@type":"ListItem","position":1,"name":"Startseite","item":"https:\/\/spine-med.de\/fr\/accueil\/"},{"@type":"ListItem","position":2,"name":"Aspects de gestion d&rsquo;entreprise"}]},{"@type":"WebSite","@id":"https:\/\/spine-med.de\/fr\/#website","url":"https:\/\/spine-med.de\/fr\/","name":"SpineMED\u00ae","description":"decompression system","potentialAction":[{"@type":"SearchAction","target":{"@type":"EntryPoint","urlTemplate":"https:\/\/spine-med.de\/fr\/?s={search_term_string}"},"query-input":{"@type":"PropertyValueSpecification","valueRequired":true,"valueName":"search_term_string"}}],"inLanguage":"fr-FR"}]}},"_links":{"self":[{"href":"https:\/\/spine-med.de\/fr\/wp-json\/wp\/v2\/pages\/1027","targetHints":{"allow":["GET"]}}],"collection":[{"href":"https:\/\/spine-med.de\/fr\/wp-json\/wp\/v2\/pages"}],"about":[{"href":"https:\/\/spine-med.de\/fr\/wp-json\/wp\/v2\/types\/page"}],"author":[{"embeddable":true,"href":"https:\/\/spine-med.de\/fr\/wp-json\/wp\/v2\/users\/2"}],"replies":[{"embeddable":true,"href":"https:\/\/spine-med.de\/fr\/wp-json\/wp\/v2\/comments?post=1027"}],"version-history":[{"count":5,"href":"https:\/\/spine-med.de\/fr\/wp-json\/wp\/v2\/pages\/1027\/revisions"}],"predecessor-version":[{"id":1032,"href":"https:\/\/spine-med.de\/fr\/wp-json\/wp\/v2\/pages\/1027\/revisions\/1032"}],"wp:attachment":[{"href":"https:\/\/spine-med.de\/fr\/wp-json\/wp\/v2\/media?parent=1027"}],"curies":[{"name":"wp","href":"https:\/\/api.w.org\/{rel}","templated":true}]}}